{"id":1101,"date":"2024-02-03T18:48:35","date_gmt":"2024-02-04T00:48:35","guid":{"rendered":"https:\/\/industriasegura.com\/tienda\/?post_type=product&#038;p=1101"},"modified":"2024-11-01T16:33:48","modified_gmt":"2024-11-01T22:33:48","slug":"mandil-de-pvc-claro-32-mm","status":"publish","type":"product","link":"https:\/\/industriasegura.com\/tienda\/producto\/mandil-de-pvc-claro-32-mm\/","title":{"rendered":"Mandil de PVC claro .32 mm"},"content":{"rendered":"","protected":false},"excerpt":{"rendered":"<p>Mandil fabricado en pvc blanco con grado alimenticio (aprobado por la FDA), ojillo de PVC sellado para evitar la oxidaci\u00f3n, cumple con los est\u00e1ndares mas altos de calidad, lazos de nylon para atadura son largos, permitiendo el ajuste adecuado y c\u00f3modo. Norma NMX-S-042.<\/p>\n","protected":false},"featured_media":1102,"comment_status":"open","ping_status":"closed","template":"","meta":[],"product_brand":[],"product_cat":[15],"product_tag":[],"class_list":{"0":"post-1101","1":"product","2":"type-product","3":"status-publish","4":"has-post-thumbnail","6":"product_cat-petos","7":"clearfix","9":"first","10":"instock","11":"taxable","12":"shipping-taxable","13":"purchasable","14":"product-type-simple"},"aioseo_notices":[],"_links":{"self":[{"href":"https:\/\/industriasegura.com\/tienda\/wp-json\/wp\/v2\/product\/1101","targetHints":{"allow":["GET"]}}],"collection":[{"href":"https:\/\/industriasegura.com\/tienda\/wp-json\/wp\/v2\/product"}],"about":[{"href":"https:\/\/industriasegura.com\/tienda\/wp-json\/wp\/v2\/types\/product"}],"replies":[{"embeddable":true,"href":"https:\/\/industriasegura.com\/tienda\/wp-json\/wp\/v2\/comments?post=1101"}],"wp:featuredmedia":[{"embeddable":true,"href":"https:\/\/industriasegura.com\/tienda\/wp-json\/wp\/v2\/media\/1102"}],"wp:attachment":[{"href":"https:\/\/industriasegura.com\/tienda\/wp-json\/wp\/v2\/media?parent=1101"}],"wp:term":[{"taxonomy":"product_brand","embeddable":true,"href":"https:\/\/industriasegura.com\/tienda\/wp-json\/wp\/v2\/product_brand?post=1101"},{"taxonomy":"product_cat","embeddable":true,"href":"https:\/\/industriasegura.com\/tienda\/wp-json\/wp\/v2\/product_cat?post=1101"},{"taxonomy":"product_tag","embeddable":true,"href":"https:\/\/industriasegura.com\/tienda\/wp-json\/wp\/v2\/product_tag?post=1101"}],"curies":[{"name":"wp","href":"https:\/\/api.w.org\/{rel}","templated":true}]}}