{"id":1138,"date":"2024-02-07T09:44:29","date_gmt":"2024-02-07T15:44:29","guid":{"rendered":"https:\/\/industriasegura.com\/tienda\/?post_type=product&#038;p=1138"},"modified":"2024-11-01T11:47:58","modified_gmt":"2024-11-01T17:47:58","slug":"3m-par-de-filtro-modelo-2071","status":"publish","type":"product","link":"https:\/\/industriasegura.com\/tienda\/producto\/3m-par-de-filtro-modelo-2071\/","title":{"rendered":"3M par de filtro modelo 2071"},"content":{"rendered":"","protected":false},"excerpt":{"rendered":"<p>Cuenta con Medio Filtrante Electrost\u00e1tico Avanzado que permite mayor eficiencia del filtro con menor ca\u00edda de presi\u00f3n. Su dise\u00f1o de bajo perfil le permite ser usado con otros implementos de seguridad, sus v\u00e1lvulas de exhalaci\u00f3n e inhalaci\u00f3n extra grandes. Se puede utilizar con los respiradores de la Serie 6000, 7000 \u00f3 7500 y brinda protecci\u00f3n contra polvos y neblinas con o sin aceite. Aplicaci\u00f3n triturado, lijado, aserrado, carpinter\u00eda, etc;<\/p>\n","protected":false},"featured_media":1139,"comment_status":"open","ping_status":"closed","template":"","meta":[],"product_brand":[],"product_cat":[14],"product_tag":[],"class_list":{"0":"post-1138","1":"product","2":"type-product","3":"status-publish","4":"has-post-thumbnail","6":"product_cat-proteccion-respiratoria","7":"clearfix","9":"first","10":"instock","11":"taxable","12":"shipping-taxable","13":"purchasable","14":"product-type-simple"},"aioseo_notices":[],"_links":{"self":[{"href":"https:\/\/industriasegura.com\/tienda\/wp-json\/wp\/v2\/product\/1138","targetHints":{"allow":["GET"]}}],"collection":[{"href":"https:\/\/industriasegura.com\/tienda\/wp-json\/wp\/v2\/product"}],"about":[{"href":"https:\/\/industriasegura.com\/tienda\/wp-json\/wp\/v2\/types\/product"}],"replies":[{"embeddable":true,"href":"https:\/\/industriasegura.com\/tienda\/wp-json\/wp\/v2\/comments?post=1138"}],"wp:featuredmedia":[{"embeddable":true,"href":"https:\/\/industriasegura.com\/tienda\/wp-json\/wp\/v2\/media\/1139"}],"wp:attachment":[{"href":"https:\/\/industriasegura.com\/tienda\/wp-json\/wp\/v2\/media?parent=1138"}],"wp:term":[{"taxonomy":"product_brand","embeddable":true,"href":"https:\/\/industriasegura.com\/tienda\/wp-json\/wp\/v2\/product_brand?post=1138"},{"taxonomy":"product_cat","embeddable":true,"href":"https:\/\/industriasegura.com\/tienda\/wp-json\/wp\/v2\/product_cat?post=1138"},{"taxonomy":"product_tag","embeddable":true,"href":"https:\/\/industriasegura.com\/tienda\/wp-json\/wp\/v2\/product_tag?post=1138"}],"curies":[{"name":"wp","href":"https:\/\/api.w.org\/{rel}","templated":true}]}}