{"id":1146,"date":"2024-02-07T09:54:48","date_gmt":"2024-02-07T15:54:48","guid":{"rendered":"https:\/\/industriasegura.com\/tienda\/?post_type=product&#038;p=1146"},"modified":"2024-11-01T11:47:07","modified_gmt":"2024-11-01T17:47:07","slug":"3m-retenedor-para-prefiltro-20piezas","status":"publish","type":"product","link":"https:\/\/industriasegura.com\/tienda\/producto\/3m-retenedor-para-prefiltro-20piezas\/","title":{"rendered":"3M retenedor para prefiltro (20 piezas)"},"content":{"rendered":"","protected":false},"excerpt":{"rendered":"<p>Utilizado para sujetar los filtros 5N11 y 5P71 de 3M\u00ae en los respiradores de la serie 5000 de 3M\u00ae y cartuchos de la serie 6000 de 3M(MR). En conjunto con el filtro 5N11 y los cartuchos de la serie 6000 brinda una efectiva e higi\u00e9nica protecci\u00f3n respiratoria contra polvos y part\u00edculas l\u00edquidas sin aceite, gases y vapores.<\/p>\n","protected":false},"featured_media":1147,"comment_status":"open","ping_status":"closed","template":"","meta":[],"product_brand":[],"product_cat":[14],"product_tag":[],"class_list":{"0":"post-1146","1":"product","2":"type-product","3":"status-publish","4":"has-post-thumbnail","6":"product_cat-proteccion-respiratoria","7":"clearfix","9":"first","10":"instock","11":"taxable","12":"shipping-taxable","13":"purchasable","14":"product-type-simple"},"aioseo_notices":[],"_links":{"self":[{"href":"https:\/\/industriasegura.com\/tienda\/wp-json\/wp\/v2\/product\/1146","targetHints":{"allow":["GET"]}}],"collection":[{"href":"https:\/\/industriasegura.com\/tienda\/wp-json\/wp\/v2\/product"}],"about":[{"href":"https:\/\/industriasegura.com\/tienda\/wp-json\/wp\/v2\/types\/product"}],"replies":[{"embeddable":true,"href":"https:\/\/industriasegura.com\/tienda\/wp-json\/wp\/v2\/comments?post=1146"}],"wp:featuredmedia":[{"embeddable":true,"href":"https:\/\/industriasegura.com\/tienda\/wp-json\/wp\/v2\/media\/1147"}],"wp:attachment":[{"href":"https:\/\/industriasegura.com\/tienda\/wp-json\/wp\/v2\/media?parent=1146"}],"wp:term":[{"taxonomy":"product_brand","embeddable":true,"href":"https:\/\/industriasegura.com\/tienda\/wp-json\/wp\/v2\/product_brand?post=1146"},{"taxonomy":"product_cat","embeddable":true,"href":"https:\/\/industriasegura.com\/tienda\/wp-json\/wp\/v2\/product_cat?post=1146"},{"taxonomy":"product_tag","embeddable":true,"href":"https:\/\/industriasegura.com\/tienda\/wp-json\/wp\/v2\/product_tag?post=1146"}],"curies":[{"name":"wp","href":"https:\/\/api.w.org\/{rel}","templated":true}]}}