{"id":1152,"date":"2024-02-07T10:04:10","date_gmt":"2024-02-07T16:04:10","guid":{"rendered":"https:\/\/industriasegura.com\/tienda\/?post_type=product&#038;p=1152"},"modified":"2024-11-01T11:45:00","modified_gmt":"2024-11-01T17:45:00","slug":"3m-prefiltro-modelo-5p71-10-piezas","status":"publish","type":"product","link":"https:\/\/industriasegura.com\/tienda\/producto\/3m-prefiltro-modelo-5p71-10-piezas\/","title":{"rendered":"3M prefiltro modelo 5P71 (10 piezas)"},"content":{"rendered":"","protected":false},"excerpt":{"rendered":"<p>Aprobado por NIOSH para ambientes que contengan ciertas part\u00edculas aceitosas y no aceitosas. Usar con respiradores 3M serie 5000 o Cartuchos 3M serie 6000 o adaptador de filtro 3M 603 as\u00ed como sujeci\u00f3n para filtro 3M 501. Aplicaci\u00f3n: Pintura con spray, petroqu\u00edmica y manufactura qu\u00edmica, as\u00ed como pulverizaci\u00f3n pesticida.<\/p>\n","protected":false},"featured_media":1153,"comment_status":"open","ping_status":"closed","template":"","meta":[],"product_brand":[],"product_cat":[14],"product_tag":[],"class_list":{"0":"post-1152","1":"product","2":"type-product","3":"status-publish","4":"has-post-thumbnail","6":"product_cat-proteccion-respiratoria","7":"clearfix","9":"first","10":"instock","11":"taxable","12":"shipping-taxable","13":"purchasable","14":"product-type-simple"},"aioseo_notices":[],"_links":{"self":[{"href":"https:\/\/industriasegura.com\/tienda\/wp-json\/wp\/v2\/product\/1152","targetHints":{"allow":["GET"]}}],"collection":[{"href":"https:\/\/industriasegura.com\/tienda\/wp-json\/wp\/v2\/product"}],"about":[{"href":"https:\/\/industriasegura.com\/tienda\/wp-json\/wp\/v2\/types\/product"}],"replies":[{"embeddable":true,"href":"https:\/\/industriasegura.com\/tienda\/wp-json\/wp\/v2\/comments?post=1152"}],"wp:featuredmedia":[{"embeddable":true,"href":"https:\/\/industriasegura.com\/tienda\/wp-json\/wp\/v2\/media\/1153"}],"wp:attachment":[{"href":"https:\/\/industriasegura.com\/tienda\/wp-json\/wp\/v2\/media?parent=1152"}],"wp:term":[{"taxonomy":"product_brand","embeddable":true,"href":"https:\/\/industriasegura.com\/tienda\/wp-json\/wp\/v2\/product_brand?post=1152"},{"taxonomy":"product_cat","embeddable":true,"href":"https:\/\/industriasegura.com\/tienda\/wp-json\/wp\/v2\/product_cat?post=1152"},{"taxonomy":"product_tag","embeddable":true,"href":"https:\/\/industriasegura.com\/tienda\/wp-json\/wp\/v2\/product_tag?post=1152"}],"curies":[{"name":"wp","href":"https:\/\/api.w.org\/{rel}","templated":true}]}}