{"id":1162,"date":"2024-02-07T10:48:20","date_gmt":"2024-02-07T16:48:20","guid":{"rendered":"https:\/\/industriasegura.com\/tienda\/?post_type=product&#038;p=1162"},"modified":"2024-11-01T11:44:30","modified_gmt":"2024-11-01T17:44:30","slug":"3m-par-cartuchos-modelo-6003","status":"publish","type":"product","link":"https:\/\/industriasegura.com\/tienda\/producto\/3m-par-cartuchos-modelo-6003\/","title":{"rendered":"3M par cartuchos modelo 6003"},"content":{"rendered":"","protected":false},"excerpt":{"rendered":"<p>Brinda protecci\u00f3n respiratoria contra ciertos vapores org\u00e1nicos o gases \u00e1cidos. Aprobado por NIOSH contra no mas de 500 p.p.m de vapores org\u00e1nicos, 5p.p.m. de cloro, 25 p.p.m. de cloruro de hidrogeno y 25 p.p.m. de di\u00f3xido de azufre. Se usa con los respiradores de media cara y cara completa 3M con soporte de filtro de bayoneta.<\/p>\n","protected":false},"featured_media":1155,"comment_status":"open","ping_status":"closed","template":"","meta":[],"product_brand":[],"product_cat":[14],"product_tag":[],"class_list":{"0":"post-1162","1":"product","2":"type-product","3":"status-publish","4":"has-post-thumbnail","6":"product_cat-proteccion-respiratoria","7":"clearfix","9":"first","10":"instock","11":"taxable","12":"shipping-taxable","13":"purchasable","14":"product-type-simple"},"aioseo_notices":[],"_links":{"self":[{"href":"https:\/\/industriasegura.com\/tienda\/wp-json\/wp\/v2\/product\/1162","targetHints":{"allow":["GET"]}}],"collection":[{"href":"https:\/\/industriasegura.com\/tienda\/wp-json\/wp\/v2\/product"}],"about":[{"href":"https:\/\/industriasegura.com\/tienda\/wp-json\/wp\/v2\/types\/product"}],"replies":[{"embeddable":true,"href":"https:\/\/industriasegura.com\/tienda\/wp-json\/wp\/v2\/comments?post=1162"}],"wp:featuredmedia":[{"embeddable":true,"href":"https:\/\/industriasegura.com\/tienda\/wp-json\/wp\/v2\/media\/1155"}],"wp:attachment":[{"href":"https:\/\/industriasegura.com\/tienda\/wp-json\/wp\/v2\/media?parent=1162"}],"wp:term":[{"taxonomy":"product_brand","embeddable":true,"href":"https:\/\/industriasegura.com\/tienda\/wp-json\/wp\/v2\/product_brand?post=1162"},{"taxonomy":"product_cat","embeddable":true,"href":"https:\/\/industriasegura.com\/tienda\/wp-json\/wp\/v2\/product_cat?post=1162"},{"taxonomy":"product_tag","embeddable":true,"href":"https:\/\/industriasegura.com\/tienda\/wp-json\/wp\/v2\/product_tag?post=1162"}],"curies":[{"name":"wp","href":"https:\/\/api.w.org\/{rel}","templated":true}]}}