{"id":1261,"date":"2024-02-12T11:44:19","date_gmt":"2024-02-12T17:44:19","guid":{"rendered":"https:\/\/industriasegura.com\/tienda\/?post_type=product&#038;p=1261"},"modified":"2024-10-28T10:16:36","modified_gmt":"2024-10-28T16:16:36","slug":"respirador-ap-m10cc-25-piezas","status":"publish","type":"product","link":"https:\/\/industriasegura.com\/tienda\/producto\/respirador-ap-m10cc-25-piezas\/","title":{"rendered":"Respirador AP M10CC (25 piezas)"},"content":{"rendered":"","protected":false},"excerpt":{"rendered":"<p>Respirador purificador de aire que contiene medio filtrante electrost\u00e1tico de alta tecnolog\u00eda dise\u00f1ado para retener part\u00edculas y neblinas s\u00f3lidas libres de aceite. Tiene una eficacia m\u00ednima de 95%.<\/p>\n","protected":false},"featured_media":1252,"comment_status":"open","ping_status":"closed","template":"","meta":[],"product_brand":[],"product_cat":[14,53],"product_tag":[],"class_list":{"0":"post-1261","1":"product","2":"type-product","3":"status-publish","4":"has-post-thumbnail","6":"product_cat-proteccion-respiratoria","7":"product_cat-top-ventas","8":"clearfix","10":"first","11":"instock","12":"taxable","13":"shipping-taxable","14":"purchasable","15":"product-type-simple"},"aioseo_notices":[],"_links":{"self":[{"href":"https:\/\/industriasegura.com\/tienda\/wp-json\/wp\/v2\/product\/1261","targetHints":{"allow":["GET"]}}],"collection":[{"href":"https:\/\/industriasegura.com\/tienda\/wp-json\/wp\/v2\/product"}],"about":[{"href":"https:\/\/industriasegura.com\/tienda\/wp-json\/wp\/v2\/types\/product"}],"replies":[{"embeddable":true,"href":"https:\/\/industriasegura.com\/tienda\/wp-json\/wp\/v2\/comments?post=1261"}],"wp:featuredmedia":[{"embeddable":true,"href":"https:\/\/industriasegura.com\/tienda\/wp-json\/wp\/v2\/media\/1252"}],"wp:attachment":[{"href":"https:\/\/industriasegura.com\/tienda\/wp-json\/wp\/v2\/media?parent=1261"}],"wp:term":[{"taxonomy":"product_brand","embeddable":true,"href":"https:\/\/industriasegura.com\/tienda\/wp-json\/wp\/v2\/product_brand?post=1261"},{"taxonomy":"product_cat","embeddable":true,"href":"https:\/\/industriasegura.com\/tienda\/wp-json\/wp\/v2\/product_cat?post=1261"},{"taxonomy":"product_tag","embeddable":true,"href":"https:\/\/industriasegura.com\/tienda\/wp-json\/wp\/v2\/product_tag?post=1261"}],"curies":[{"name":"wp","href":"https:\/\/api.w.org\/{rel}","templated":true}]}}