{"id":1263,"date":"2024-02-12T11:54:58","date_gmt":"2024-02-12T17:54:58","guid":{"rendered":"https:\/\/industriasegura.com\/tienda\/?post_type=product&#038;p=1263"},"modified":"2024-03-25T17:52:09","modified_gmt":"2024-03-25T23:52:09","slug":"respirador-media-cara-ap-dp-600","status":"publish","type":"product","link":"https:\/\/industriasegura.com\/tienda\/producto\/respirador-media-cara-ap-dp-600\/","title":{"rendered":"Respirador media cara AP DP-600"},"content":{"rendered":"","protected":false},"excerpt":{"rendered":"<p>Esta dise\u00f1ado para proteger las v\u00edas respiratorias de los diferentes agentes contaminantes que se encuentran en el ambiente laboral.<br \/>\n-Entrada tipo bayoneta, compatible con otras marcas de cartuchos o filtros.<br \/>\n-La copa nasal del respirador est\u00e1 hecha de un pol\u00edmero sint\u00e9tico que cubre medio rostro.<br \/>\n-Sus grandes v\u00e1lvulas de inhalaci\u00f3n y exhalaci\u00f3n ayudan a reducir la resistencia a la respiraci\u00f3n.<br \/>\n-Arn\u00e9s hecho de polipropileno.<br \/>\n-Bandas hechas de elast\u00f3mero textil.<\/p>\n","protected":false},"featured_media":1249,"comment_status":"open","ping_status":"closed","template":"","meta":[],"product_brand":[],"product_cat":[14],"product_tag":[],"class_list":{"0":"post-1263","1":"product","2":"type-product","3":"status-publish","4":"has-post-thumbnail","6":"product_cat-proteccion-respiratoria","7":"clearfix","9":"first","10":"instock","11":"taxable","12":"shipping-taxable","13":"purchasable","14":"product-type-simple"},"aioseo_notices":[],"_links":{"self":[{"href":"https:\/\/industriasegura.com\/tienda\/wp-json\/wp\/v2\/product\/1263","targetHints":{"allow":["GET"]}}],"collection":[{"href":"https:\/\/industriasegura.com\/tienda\/wp-json\/wp\/v2\/product"}],"about":[{"href":"https:\/\/industriasegura.com\/tienda\/wp-json\/wp\/v2\/types\/product"}],"replies":[{"embeddable":true,"href":"https:\/\/industriasegura.com\/tienda\/wp-json\/wp\/v2\/comments?post=1263"}],"wp:featuredmedia":[{"embeddable":true,"href":"https:\/\/industriasegura.com\/tienda\/wp-json\/wp\/v2\/media\/1249"}],"wp:attachment":[{"href":"https:\/\/industriasegura.com\/tienda\/wp-json\/wp\/v2\/media?parent=1263"}],"wp:term":[{"taxonomy":"product_brand","embeddable":true,"href":"https:\/\/industriasegura.com\/tienda\/wp-json\/wp\/v2\/product_brand?post=1263"},{"taxonomy":"product_cat","embeddable":true,"href":"https:\/\/industriasegura.com\/tienda\/wp-json\/wp\/v2\/product_cat?post=1263"},{"taxonomy":"product_tag","embeddable":true,"href":"https:\/\/industriasegura.com\/tienda\/wp-json\/wp\/v2\/product_tag?post=1263"}],"curies":[{"name":"wp","href":"https:\/\/api.w.org\/{rel}","templated":true}]}}