{"id":1264,"date":"2024-02-12T12:02:01","date_gmt":"2024-02-12T18:02:01","guid":{"rendered":"https:\/\/industriasegura.com\/tienda\/?post_type=product&#038;p=1264"},"modified":"2024-03-25T17:32:29","modified_gmt":"2024-03-25T23:32:29","slug":"respirador-cara-completa-ap-dp-1602","status":"publish","type":"product","link":"https:\/\/industriasegura.com\/tienda\/producto\/respirador-cara-completa-ap-dp-1602\/","title":{"rendered":"Respirador cara completa AP DP-1602"},"content":{"rendered":"","protected":false},"excerpt":{"rendered":"<p>Esta dise\u00f1ado para proteger las v\u00edas respiratorias de los diferentes agentes contaminantes que se encuentran en el ambiente laboral.<br \/>\n-Entrada tipo bayoneta, compatible con otras marcas de cartuchos o filtro.<br \/>\n-El visor tiene un alto rango de visibilidad.<br \/>\n-El cuerpo y la copa nasal del respirador est\u00e1n hechos de elast\u00f3mero termopl\u00e1stico.<br \/>\n-Posee una v\u00e1lvula de exhalaci\u00f3n que reduce el calor y la humedad dentro del respirador.<br \/>\n-Arn\u00e9s con sujeci\u00f3n de cuatro puntos .<\/p>\n","protected":false},"featured_media":1320,"comment_status":"open","ping_status":"closed","template":"","meta":[],"product_brand":[],"product_cat":[14],"product_tag":[],"class_list":{"0":"post-1264","1":"product","2":"type-product","3":"status-publish","4":"has-post-thumbnail","6":"product_cat-proteccion-respiratoria","7":"clearfix","9":"first","10":"instock","11":"taxable","12":"shipping-taxable","13":"purchasable","14":"product-type-simple"},"aioseo_notices":[],"_links":{"self":[{"href":"https:\/\/industriasegura.com\/tienda\/wp-json\/wp\/v2\/product\/1264","targetHints":{"allow":["GET"]}}],"collection":[{"href":"https:\/\/industriasegura.com\/tienda\/wp-json\/wp\/v2\/product"}],"about":[{"href":"https:\/\/industriasegura.com\/tienda\/wp-json\/wp\/v2\/types\/product"}],"replies":[{"embeddable":true,"href":"https:\/\/industriasegura.com\/tienda\/wp-json\/wp\/v2\/comments?post=1264"}],"wp:featuredmedia":[{"embeddable":true,"href":"https:\/\/industriasegura.com\/tienda\/wp-json\/wp\/v2\/media\/1320"}],"wp:attachment":[{"href":"https:\/\/industriasegura.com\/tienda\/wp-json\/wp\/v2\/media?parent=1264"}],"wp:term":[{"taxonomy":"product_brand","embeddable":true,"href":"https:\/\/industriasegura.com\/tienda\/wp-json\/wp\/v2\/product_brand?post=1264"},{"taxonomy":"product_cat","embeddable":true,"href":"https:\/\/industriasegura.com\/tienda\/wp-json\/wp\/v2\/product_cat?post=1264"},{"taxonomy":"product_tag","embeddable":true,"href":"https:\/\/industriasegura.com\/tienda\/wp-json\/wp\/v2\/product_tag?post=1264"}],"curies":[{"name":"wp","href":"https:\/\/api.w.org\/{rel}","templated":true}]}}