{"id":1269,"date":"2024-02-12T12:24:06","date_gmt":"2024-02-12T18:24:06","guid":{"rendered":"https:\/\/industriasegura.com\/tienda\/?post_type=product&#038;p=1269"},"modified":"2025-01-30T16:53:34","modified_gmt":"2025-01-30T22:53:34","slug":"eq-de-respiracion-autonoma-ig-scba-lf-60-m","status":"publish","type":"product","link":"https:\/\/industriasegura.com\/tienda\/producto\/eq-de-respiracion-autonoma-ig-scba-lf-60-m\/","title":{"rendered":"EQ. Respiraci\u00f3n Aut\u00f3noma IG-SCBA-LF 60m"},"content":{"rendered":"","protected":false},"excerpt":{"rendered":"<p>Esta dise\u00f1ado para proteger al usuario en atm\u00f3sferas peligrosas , con deficiencia de ox\u00edgeno o con alta presencia de gases t\u00f3xicos o humos y neblinas pesadas.<br \/>\nUtilizado en actividades que se realicen a altas temperaturas :<br \/>\n-Bomberos<br \/>\n-C\u00e1maras de contaminacion<br \/>\n-Espacios confinados<br \/>\n-Miner\u00eda<br \/>\nEquipo con cilindro de fibra de carbono para 60 minutos (4500PSI), dise\u00f1ado para almacenar aire comprimido , resistente a la corrosi\u00f3n y a altas temperaturas . viene equipado con una v\u00e1lvula que contiene man\u00f3metro para poder ver la presi\u00f3n que contiene el cilindro .<\/p>\n","protected":false},"featured_media":1251,"comment_status":"open","ping_status":"closed","template":"","meta":[],"product_brand":[],"product_cat":[12,14,53],"product_tag":[],"class_list":{"0":"post-1269","1":"product","2":"type-product","3":"status-publish","4":"has-post-thumbnail","6":"product_cat-contra-incendio","7":"product_cat-proteccion-respiratoria","8":"product_cat-top-ventas","9":"clearfix","11":"first","12":"instock","13":"taxable","14":"shipping-taxable","15":"purchasable","16":"product-type-simple"},"aioseo_notices":[],"_links":{"self":[{"href":"https:\/\/industriasegura.com\/tienda\/wp-json\/wp\/v2\/product\/1269","targetHints":{"allow":["GET"]}}],"collection":[{"href":"https:\/\/industriasegura.com\/tienda\/wp-json\/wp\/v2\/product"}],"about":[{"href":"https:\/\/industriasegura.com\/tienda\/wp-json\/wp\/v2\/types\/product"}],"replies":[{"embeddable":true,"href":"https:\/\/industriasegura.com\/tienda\/wp-json\/wp\/v2\/comments?post=1269"}],"wp:featuredmedia":[{"embeddable":true,"href":"https:\/\/industriasegura.com\/tienda\/wp-json\/wp\/v2\/media\/1251"}],"wp:attachment":[{"href":"https:\/\/industriasegura.com\/tienda\/wp-json\/wp\/v2\/media?parent=1269"}],"wp:term":[{"taxonomy":"product_brand","embeddable":true,"href":"https:\/\/industriasegura.com\/tienda\/wp-json\/wp\/v2\/product_brand?post=1269"},{"taxonomy":"product_cat","embeddable":true,"href":"https:\/\/industriasegura.com\/tienda\/wp-json\/wp\/v2\/product_cat?post=1269"},{"taxonomy":"product_tag","embeddable":true,"href":"https:\/\/industriasegura.com\/tienda\/wp-json\/wp\/v2\/product_tag?post=1269"}],"curies":[{"name":"wp","href":"https:\/\/api.w.org\/{rel}","templated":true}]}}