{"id":1306,"date":"2024-02-12T14:42:01","date_gmt":"2024-02-12T20:42:01","guid":{"rendered":"https:\/\/industriasegura.com\/tienda\/?post_type=product&#038;p=1306"},"modified":"2024-02-12T14:46:12","modified_gmt":"2024-02-12T20:46:12","slug":"overol-65-35-azul-marino","status":"publish","type":"product","link":"https:\/\/industriasegura.com\/tienda\/producto\/overol-65-35-azul-marino\/","title":{"rendered":"Overol 65% , 35% azul marino"},"content":{"rendered":"","protected":false},"excerpt":{"rendered":"<p>Overol de gabardina 65% poli\u00e9ster 35% algod\u00f3n con cierre de lat\u00f3n doble acci\u00f3n, 6 bolsas con doble costura tipo parche, cintur\u00f3n con el\u00e1stico y manga larga color azul marino, tallas: 36 &#8211; 48<\/p>\n","protected":false},"featured_media":1307,"comment_status":"open","ping_status":"closed","template":"","meta":[],"product_brand":[],"product_cat":[13],"product_tag":[],"class_list":{"0":"post-1306","1":"product","2":"type-product","3":"status-publish","4":"has-post-thumbnail","6":"product_cat-uniformes","7":"clearfix","9":"first","10":"instock","11":"taxable","12":"shipping-taxable","13":"purchasable","14":"product-type-simple"},"aioseo_notices":[],"_links":{"self":[{"href":"https:\/\/industriasegura.com\/tienda\/wp-json\/wp\/v2\/product\/1306","targetHints":{"allow":["GET"]}}],"collection":[{"href":"https:\/\/industriasegura.com\/tienda\/wp-json\/wp\/v2\/product"}],"about":[{"href":"https:\/\/industriasegura.com\/tienda\/wp-json\/wp\/v2\/types\/product"}],"replies":[{"embeddable":true,"href":"https:\/\/industriasegura.com\/tienda\/wp-json\/wp\/v2\/comments?post=1306"}],"wp:featuredmedia":[{"embeddable":true,"href":"https:\/\/industriasegura.com\/tienda\/wp-json\/wp\/v2\/media\/1307"}],"wp:attachment":[{"href":"https:\/\/industriasegura.com\/tienda\/wp-json\/wp\/v2\/media?parent=1306"}],"wp:term":[{"taxonomy":"product_brand","embeddable":true,"href":"https:\/\/industriasegura.com\/tienda\/wp-json\/wp\/v2\/product_brand?post=1306"},{"taxonomy":"product_cat","embeddable":true,"href":"https:\/\/industriasegura.com\/tienda\/wp-json\/wp\/v2\/product_cat?post=1306"},{"taxonomy":"product_tag","embeddable":true,"href":"https:\/\/industriasegura.com\/tienda\/wp-json\/wp\/v2\/product_tag?post=1306"}],"curies":[{"name":"wp","href":"https:\/\/api.w.org\/{rel}","templated":true}]}}