{"id":1329,"date":"2024-02-12T16:28:05","date_gmt":"2024-02-12T22:28:05","guid":{"rendered":"https:\/\/industriasegura.com\/tienda\/?post_type=product&#038;p=1329"},"modified":"2024-11-01T11:36:54","modified_gmt":"2024-11-01T17:36:54","slug":"casco-de-seguridad-3m-h-700","status":"publish","type":"product","link":"https:\/\/industriasegura.com\/tienda\/producto\/casco-de-seguridad-3m-h-700\/","title":{"rendered":"Casco de seguridad 3M\u2122 H-700"},"content":{"rendered":"","protected":false},"excerpt":{"rendered":"<p>Los cascos de seguridad 3M\u2122 H -700 con la suspensi\u00f3n SecureFit\u2122 combinan estabilidad, comodidad, balance y la protecci\u00f3n en un mismo producto, ya que cuentan con una suspensi\u00f3n avanzada con la tecnolog\u00eda  SecureFit\u2122 , est\u00e1 tecnolog\u00eda permite una mejor distribuci\u00f3n de la presi\u00f3n a lo largo de la cabeza del usuario brindando una mejor sensaci\u00f3n de comodidad y estabilidad al usuario. Adem\u00e1s, se adapta a diferentes tipos de tama\u00f1os de cabeza, brindando alta comodidad al evitar puntos de tensi\u00f3n.<\/p>\n","protected":false},"featured_media":1334,"comment_status":"open","ping_status":"closed","template":"","meta":[],"product_brand":[],"product_cat":[6],"product_tag":[],"class_list":{"0":"post-1329","1":"product","2":"type-product","3":"status-publish","4":"has-post-thumbnail","6":"product_cat-proteccion-cara","7":"clearfix","9":"first","10":"instock","11":"taxable","12":"shipping-taxable","13":"purchasable","14":"product-type-simple"},"aioseo_notices":[],"_links":{"self":[{"href":"https:\/\/industriasegura.com\/tienda\/wp-json\/wp\/v2\/product\/1329","targetHints":{"allow":["GET"]}}],"collection":[{"href":"https:\/\/industriasegura.com\/tienda\/wp-json\/wp\/v2\/product"}],"about":[{"href":"https:\/\/industriasegura.com\/tienda\/wp-json\/wp\/v2\/types\/product"}],"replies":[{"embeddable":true,"href":"https:\/\/industriasegura.com\/tienda\/wp-json\/wp\/v2\/comments?post=1329"}],"wp:featuredmedia":[{"embeddable":true,"href":"https:\/\/industriasegura.com\/tienda\/wp-json\/wp\/v2\/media\/1334"}],"wp:attachment":[{"href":"https:\/\/industriasegura.com\/tienda\/wp-json\/wp\/v2\/media?parent=1329"}],"wp:term":[{"taxonomy":"product_brand","embeddable":true,"href":"https:\/\/industriasegura.com\/tienda\/wp-json\/wp\/v2\/product_brand?post=1329"},{"taxonomy":"product_cat","embeddable":true,"href":"https:\/\/industriasegura.com\/tienda\/wp-json\/wp\/v2\/product_cat?post=1329"},{"taxonomy":"product_tag","embeddable":true,"href":"https:\/\/industriasegura.com\/tienda\/wp-json\/wp\/v2\/product_tag?post=1329"}],"curies":[{"name":"wp","href":"https:\/\/api.w.org\/{rel}","templated":true}]}}