{"id":1360,"date":"2024-02-12T17:04:44","date_gmt":"2024-02-12T23:04:44","guid":{"rendered":"https:\/\/industriasegura.com\/tienda\/?post_type=product&#038;p=1360"},"modified":"2024-02-12T17:16:15","modified_gmt":"2024-02-12T23:16:15","slug":"pintura-trafico-base-solvente","status":"publish","type":"product","link":"https:\/\/industriasegura.com\/tienda\/producto\/pintura-trafico-base-solvente\/","title":{"rendered":"Pintura trafico base solvente"},"content":{"rendered":"","protected":false},"excerpt":{"rendered":"<p>Es una pintura de se\u00f1alamiento que ofrece buena resistencia al desgaste por tr\u00e1nsito vehicular y peatonal, buena adherencia y resistencia a los rayos UV. Cura por evaporaci\u00f3n de solventes y oxidaci\u00f3n. Libre de metales pesados. Cubeta de 19 litro color amarillo.<\/p>\n<p>De tipo Alquidal \u2013 Hule colorado con acabado mate.<\/p>\n<p>Cumple con los par\u00e1metros de las normativas mexicanas N-CMT-5-01-001\/5 y NMX-C-451-ONNCCE-2009.<\/p>\n","protected":false},"featured_media":1361,"comment_status":"open","ping_status":"closed","template":"","meta":[],"product_brand":[],"product_cat":[11],"product_tag":[],"class_list":{"0":"post-1360","1":"product","2":"type-product","3":"status-publish","4":"has-post-thumbnail","6":"product_cat-senalizacion","7":"clearfix","9":"first","10":"instock","11":"taxable","12":"shipping-taxable","13":"purchasable","14":"product-type-simple"},"aioseo_notices":[],"_links":{"self":[{"href":"https:\/\/industriasegura.com\/tienda\/wp-json\/wp\/v2\/product\/1360","targetHints":{"allow":["GET"]}}],"collection":[{"href":"https:\/\/industriasegura.com\/tienda\/wp-json\/wp\/v2\/product"}],"about":[{"href":"https:\/\/industriasegura.com\/tienda\/wp-json\/wp\/v2\/types\/product"}],"replies":[{"embeddable":true,"href":"https:\/\/industriasegura.com\/tienda\/wp-json\/wp\/v2\/comments?post=1360"}],"wp:featuredmedia":[{"embeddable":true,"href":"https:\/\/industriasegura.com\/tienda\/wp-json\/wp\/v2\/media\/1361"}],"wp:attachment":[{"href":"https:\/\/industriasegura.com\/tienda\/wp-json\/wp\/v2\/media?parent=1360"}],"wp:term":[{"taxonomy":"product_brand","embeddable":true,"href":"https:\/\/industriasegura.com\/tienda\/wp-json\/wp\/v2\/product_brand?post=1360"},{"taxonomy":"product_cat","embeddable":true,"href":"https:\/\/industriasegura.com\/tienda\/wp-json\/wp\/v2\/product_cat?post=1360"},{"taxonomy":"product_tag","embeddable":true,"href":"https:\/\/industriasegura.com\/tienda\/wp-json\/wp\/v2\/product_tag?post=1360"}],"curies":[{"name":"wp","href":"https:\/\/api.w.org\/{rel}","templated":true}]}}