{"id":1364,"date":"2024-02-12T17:51:28","date_gmt":"2024-02-12T23:51:28","guid":{"rendered":"https:\/\/industriasegura.com\/tienda\/?post_type=product&#038;p=1364"},"modified":"2024-02-13T09:58:21","modified_gmt":"2024-02-13T15:58:21","slug":"polainas-aluminizadas-par","status":"publish","type":"product","link":"https:\/\/industriasegura.com\/tienda\/producto\/polainas-aluminizadas-par\/","title":{"rendered":"Polainas Aluminizadas (par)"},"content":{"rendered":"","protected":false},"excerpt":{"rendered":"<p>Polainas de ray\u00f3n aluminizado dise\u00f1adas para ser usadas en ambientes industriales con temperaturas altas.<br \/>\nMateriales:<br \/>\nRay\u00f3n aluminizado. Cuatro ataduras de canaza gris curtida al cromo distribuidas alrededor de las polainas. Bies de algod\u00f3n en la abertura de la pierna. Hilo de algod\u00f3n utilizado en las costuras.<br \/>\nPropiedades del Ray\u00f3n Aluminizado Gentex DUAL MIRROR 1006:<br \/>\nPeso por \u00e1rea: 15.0 oz\/yd2 Espesor: 0.025 pulgadas Resistencia a Tension: 220 lbs urdimbre; 150 lbs trama Resistencia a Desgarre: 15 lbs urdimbre; 15 lbs trama. Resistencia a Llama: 2.0 seg<br \/>\nCertificaciones: EN531 (Pruebas A, B1, C4, D3, E3)<\/p>\n","protected":false},"featured_media":1375,"comment_status":"open","ping_status":"closed","template":"","meta":[],"product_brand":[],"product_cat":[52,15],"product_tag":[],"class_list":{"0":"post-1364","1":"product","2":"type-product","3":"status-publish","4":"has-post-thumbnail","6":"product_cat-aluminizado","7":"product_cat-petos","8":"clearfix","10":"first","11":"instock","12":"taxable","13":"shipping-taxable","14":"purchasable","15":"product-type-simple"},"aioseo_notices":[],"_links":{"self":[{"href":"https:\/\/industriasegura.com\/tienda\/wp-json\/wp\/v2\/product\/1364","targetHints":{"allow":["GET"]}}],"collection":[{"href":"https:\/\/industriasegura.com\/tienda\/wp-json\/wp\/v2\/product"}],"about":[{"href":"https:\/\/industriasegura.com\/tienda\/wp-json\/wp\/v2\/types\/product"}],"replies":[{"embeddable":true,"href":"https:\/\/industriasegura.com\/tienda\/wp-json\/wp\/v2\/comments?post=1364"}],"wp:featuredmedia":[{"embeddable":true,"href":"https:\/\/industriasegura.com\/tienda\/wp-json\/wp\/v2\/media\/1375"}],"wp:attachment":[{"href":"https:\/\/industriasegura.com\/tienda\/wp-json\/wp\/v2\/media?parent=1364"}],"wp:term":[{"taxonomy":"product_brand","embeddable":true,"href":"https:\/\/industriasegura.com\/tienda\/wp-json\/wp\/v2\/product_brand?post=1364"},{"taxonomy":"product_cat","embeddable":true,"href":"https:\/\/industriasegura.com\/tienda\/wp-json\/wp\/v2\/product_cat?post=1364"},{"taxonomy":"product_tag","embeddable":true,"href":"https:\/\/industriasegura.com\/tienda\/wp-json\/wp\/v2\/product_tag?post=1364"}],"curies":[{"name":"wp","href":"https:\/\/api.w.org\/{rel}","templated":true}]}}