{"id":1393,"date":"2024-02-13T17:33:03","date_gmt":"2024-02-13T23:33:03","guid":{"rendered":"https:\/\/industriasegura.com\/tienda\/?post_type=product&#038;p=1393"},"modified":"2024-11-01T16:12:53","modified_gmt":"2024-11-01T22:12:53","slug":"guante-de-algodon-con-nitrilo-rugoso","status":"publish","type":"product","link":"https:\/\/industriasegura.com\/tienda\/producto\/guante-de-algodon-con-nitrilo-rugoso\/","title":{"rendered":"Guante de algodon con nitrilo rugoso"},"content":{"rendered":"","protected":false},"excerpt":{"rendered":"<p>Guante de algod\u00f3n con recubrimiento total de nitrilo granulado, lo que proporciona protecci\u00f3n adicional a procesos con mucha abrasi\u00f3n. Contiene Sanitized* un fungicida el cual retarda la aparici\u00f3n de microorganismos que pueden ocasionar micosis o malos olores, infecciones y hongos. Muy buena opci\u00f3n para trabajar materiales \u00e1speros y abrasivos, tiene gran resistencia a pinchaduras y rasgaduras. El pu\u00f1o de seguridad facilita la manera de quitarse el guante.<br \/>\nTalla: 10<\/p>\n","protected":false},"featured_media":1391,"comment_status":"open","ping_status":"closed","template":"","meta":[],"product_brand":[],"product_cat":[8],"product_tag":[],"class_list":{"0":"post-1393","1":"product","2":"type-product","3":"status-publish","4":"has-post-thumbnail","6":"product_cat-guantes","7":"clearfix","9":"first","10":"instock","11":"taxable","12":"shipping-taxable","13":"purchasable","14":"product-type-simple"},"aioseo_notices":[],"_links":{"self":[{"href":"https:\/\/industriasegura.com\/tienda\/wp-json\/wp\/v2\/product\/1393","targetHints":{"allow":["GET"]}}],"collection":[{"href":"https:\/\/industriasegura.com\/tienda\/wp-json\/wp\/v2\/product"}],"about":[{"href":"https:\/\/industriasegura.com\/tienda\/wp-json\/wp\/v2\/types\/product"}],"replies":[{"embeddable":true,"href":"https:\/\/industriasegura.com\/tienda\/wp-json\/wp\/v2\/comments?post=1393"}],"wp:featuredmedia":[{"embeddable":true,"href":"https:\/\/industriasegura.com\/tienda\/wp-json\/wp\/v2\/media\/1391"}],"wp:attachment":[{"href":"https:\/\/industriasegura.com\/tienda\/wp-json\/wp\/v2\/media?parent=1393"}],"wp:term":[{"taxonomy":"product_brand","embeddable":true,"href":"https:\/\/industriasegura.com\/tienda\/wp-json\/wp\/v2\/product_brand?post=1393"},{"taxonomy":"product_cat","embeddable":true,"href":"https:\/\/industriasegura.com\/tienda\/wp-json\/wp\/v2\/product_cat?post=1393"},{"taxonomy":"product_tag","embeddable":true,"href":"https:\/\/industriasegura.com\/tienda\/wp-json\/wp\/v2\/product_tag?post=1393"}],"curies":[{"name":"wp","href":"https:\/\/api.w.org\/{rel}","templated":true}]}}