{"id":1435,"date":"2024-02-13T18:16:44","date_gmt":"2024-02-14T00:16:44","guid":{"rendered":"https:\/\/industriasegura.com\/tienda\/?post_type=product&#038;p=1435"},"modified":"2024-11-01T16:10:16","modified_gmt":"2024-11-01T22:10:16","slug":"guante-antiestatico-esd","status":"publish","type":"product","link":"https:\/\/industriasegura.com\/tienda\/producto\/guante-antiestatico-esd\/","title":{"rendered":"Guante antiestatico ESD"},"content":{"rendered":"","protected":false},"excerpt":{"rendered":"<p>Guante fabricado de nylon y carbono, palma de poliuretano, pu\u00f1o tejido de punto ribeteado, sin costuras. Los guantes antiest\u00e1ticos compatibles con ESD tienen caracter\u00edsticas bastante similares a los guantes libres de pelusa de nylon normal pero estos tienen el atractivo adicional de ser ESD compatibles. Este guante se puede utilizar en el montaje de componentes electr\u00f3nicos y manipulaci\u00f3n de microprocesadores, as\u00ed como montajes de pantallas planas, ya que por su revestimiento de poliuretano evita que se resbalen.<br \/>\nTallas : 5 &#8211; 8<\/p>\n","protected":false},"featured_media":1436,"comment_status":"open","ping_status":"closed","template":"","meta":[],"product_brand":[],"product_cat":[8],"product_tag":[],"class_list":{"0":"post-1435","1":"product","2":"type-product","3":"status-publish","4":"has-post-thumbnail","6":"product_cat-guantes","7":"clearfix","9":"first","10":"instock","11":"taxable","12":"shipping-taxable","13":"purchasable","14":"product-type-simple"},"aioseo_notices":[],"_links":{"self":[{"href":"https:\/\/industriasegura.com\/tienda\/wp-json\/wp\/v2\/product\/1435","targetHints":{"allow":["GET"]}}],"collection":[{"href":"https:\/\/industriasegura.com\/tienda\/wp-json\/wp\/v2\/product"}],"about":[{"href":"https:\/\/industriasegura.com\/tienda\/wp-json\/wp\/v2\/types\/product"}],"replies":[{"embeddable":true,"href":"https:\/\/industriasegura.com\/tienda\/wp-json\/wp\/v2\/comments?post=1435"}],"wp:featuredmedia":[{"embeddable":true,"href":"https:\/\/industriasegura.com\/tienda\/wp-json\/wp\/v2\/media\/1436"}],"wp:attachment":[{"href":"https:\/\/industriasegura.com\/tienda\/wp-json\/wp\/v2\/media?parent=1435"}],"wp:term":[{"taxonomy":"product_brand","embeddable":true,"href":"https:\/\/industriasegura.com\/tienda\/wp-json\/wp\/v2\/product_brand?post=1435"},{"taxonomy":"product_cat","embeddable":true,"href":"https:\/\/industriasegura.com\/tienda\/wp-json\/wp\/v2\/product_cat?post=1435"},{"taxonomy":"product_tag","embeddable":true,"href":"https:\/\/industriasegura.com\/tienda\/wp-json\/wp\/v2\/product_tag?post=1435"}],"curies":[{"name":"wp","href":"https:\/\/api.w.org\/{rel}","templated":true}]}}