{"id":1513,"date":"2024-02-14T18:03:38","date_gmt":"2024-02-15T00:03:38","guid":{"rendered":"https:\/\/industriasegura.com\/tienda\/?post_type=product&#038;p=1513"},"modified":"2024-03-11T17:38:29","modified_gmt":"2024-03-11T23:38:29","slug":"guante-nylon-blanco-120-pares","status":"publish","type":"product","link":"https:\/\/industriasegura.com\/tienda\/producto\/guante-nylon-blanco-120-pares\/","title":{"rendered":"Guante nylon blanco 120 pares"},"content":{"rendered":"","protected":false},"excerpt":{"rendered":"<p>Est\u00e1 hecho de nylon y elastano. Este particular dise\u00f1o permite un ajuste perfecto a la figura de la mano para brindar una m\u00e1xima destreza al usuario.<br \/>\nTallas : 7 &#8211; 9<\/p>\n","protected":false},"featured_media":1514,"comment_status":"open","ping_status":"closed","template":"","meta":[],"product_brand":[],"product_cat":[8],"product_tag":[],"class_list":{"0":"post-1513","1":"product","2":"type-product","3":"status-publish","4":"has-post-thumbnail","6":"product_cat-guantes","7":"clearfix","9":"first","10":"instock","11":"taxable","12":"shipping-taxable","13":"purchasable","14":"product-type-simple"},"aioseo_notices":[],"_links":{"self":[{"href":"https:\/\/industriasegura.com\/tienda\/wp-json\/wp\/v2\/product\/1513","targetHints":{"allow":["GET"]}}],"collection":[{"href":"https:\/\/industriasegura.com\/tienda\/wp-json\/wp\/v2\/product"}],"about":[{"href":"https:\/\/industriasegura.com\/tienda\/wp-json\/wp\/v2\/types\/product"}],"replies":[{"embeddable":true,"href":"https:\/\/industriasegura.com\/tienda\/wp-json\/wp\/v2\/comments?post=1513"}],"wp:featuredmedia":[{"embeddable":true,"href":"https:\/\/industriasegura.com\/tienda\/wp-json\/wp\/v2\/media\/1514"}],"wp:attachment":[{"href":"https:\/\/industriasegura.com\/tienda\/wp-json\/wp\/v2\/media?parent=1513"}],"wp:term":[{"taxonomy":"product_brand","embeddable":true,"href":"https:\/\/industriasegura.com\/tienda\/wp-json\/wp\/v2\/product_brand?post=1513"},{"taxonomy":"product_cat","embeddable":true,"href":"https:\/\/industriasegura.com\/tienda\/wp-json\/wp\/v2\/product_cat?post=1513"},{"taxonomy":"product_tag","embeddable":true,"href":"https:\/\/industriasegura.com\/tienda\/wp-json\/wp\/v2\/product_tag?post=1513"}],"curies":[{"name":"wp","href":"https:\/\/api.w.org\/{rel}","templated":true}]}}