{"id":1520,"date":"2024-02-14T18:15:36","date_gmt":"2024-02-15T00:15:36","guid":{"rendered":"https:\/\/industriasegura.com\/tienda\/?post_type=product&#038;p=1520"},"modified":"2024-02-14T18:20:23","modified_gmt":"2024-02-15T00:20:23","slug":"guante-algodon-con-latex-y-puno-120-prs","status":"publish","type":"product","link":"https:\/\/industriasegura.com\/tienda\/producto\/guante-algodon-con-latex-y-puno-120-prs\/","title":{"rendered":"Guante algodon con latex y pu\u00f1o 120 prs"},"content":{"rendered":"","protected":false},"excerpt":{"rendered":"<p>Guante de algod\u00f3n con pu\u00f1o de seguridad y recubrimiento de l\u00e1tex rugoso color amarillo en palma y 3\/4 de dorso. Este guante es de uso rudo y se puede utilizar cuando se desee incrementar el agarre.<br \/>\nTalla: 10<\/p>\n","protected":false},"featured_media":1521,"comment_status":"open","ping_status":"closed","template":"","meta":[],"product_brand":[],"product_cat":[8],"product_tag":[],"class_list":{"0":"post-1520","1":"product","2":"type-product","3":"status-publish","4":"has-post-thumbnail","6":"product_cat-guantes","7":"clearfix","9":"first","10":"instock","11":"taxable","12":"shipping-taxable","13":"purchasable","14":"product-type-simple"},"aioseo_notices":[],"_links":{"self":[{"href":"https:\/\/industriasegura.com\/tienda\/wp-json\/wp\/v2\/product\/1520","targetHints":{"allow":["GET"]}}],"collection":[{"href":"https:\/\/industriasegura.com\/tienda\/wp-json\/wp\/v2\/product"}],"about":[{"href":"https:\/\/industriasegura.com\/tienda\/wp-json\/wp\/v2\/types\/product"}],"replies":[{"embeddable":true,"href":"https:\/\/industriasegura.com\/tienda\/wp-json\/wp\/v2\/comments?post=1520"}],"wp:featuredmedia":[{"embeddable":true,"href":"https:\/\/industriasegura.com\/tienda\/wp-json\/wp\/v2\/media\/1521"}],"wp:attachment":[{"href":"https:\/\/industriasegura.com\/tienda\/wp-json\/wp\/v2\/media?parent=1520"}],"wp:term":[{"taxonomy":"product_brand","embeddable":true,"href":"https:\/\/industriasegura.com\/tienda\/wp-json\/wp\/v2\/product_brand?post=1520"},{"taxonomy":"product_cat","embeddable":true,"href":"https:\/\/industriasegura.com\/tienda\/wp-json\/wp\/v2\/product_cat?post=1520"},{"taxonomy":"product_tag","embeddable":true,"href":"https:\/\/industriasegura.com\/tienda\/wp-json\/wp\/v2\/product_tag?post=1520"}],"curies":[{"name":"wp","href":"https:\/\/api.w.org\/{rel}","templated":true}]}}