{"id":1532,"date":"2024-02-15T11:45:47","date_gmt":"2024-02-15T17:45:47","guid":{"rendered":"https:\/\/industriasegura.com\/tienda\/?post_type=product&#038;p=1532"},"modified":"2024-02-15T11:48:48","modified_gmt":"2024-02-15T17:48:48","slug":"goggle-ventilacion-directa","status":"publish","type":"product","link":"https:\/\/industriasegura.com\/tienda\/producto\/goggle-ventilacion-directa\/","title":{"rendered":"Goggle ventilacion directa"},"content":{"rendered":"","protected":false},"excerpt":{"rendered":"<p>Fabricado en pvc y policarbonato, protecci\u00f3n alto impacto, soporte nasal y filtro UV. Protege en riesgos mec\u00e1nicos, proyecci\u00f3n de part\u00edculas, polvo grueso y salpicaduras. Ventilaci\u00f3n indirecta, compatible con la mayoria de los lentes de prescripci\u00f3n m\u00e9dica.<\/p>\n","protected":false},"featured_media":1533,"comment_status":"open","ping_status":"closed","template":"","meta":[],"product_brand":[],"product_cat":[6],"product_tag":[],"class_list":{"0":"post-1532","1":"product","2":"type-product","3":"status-publish","4":"has-post-thumbnail","6":"product_cat-proteccion-cara","7":"clearfix","9":"first","10":"instock","11":"taxable","12":"shipping-taxable","13":"purchasable","14":"product-type-simple"},"aioseo_notices":[],"_links":{"self":[{"href":"https:\/\/industriasegura.com\/tienda\/wp-json\/wp\/v2\/product\/1532","targetHints":{"allow":["GET"]}}],"collection":[{"href":"https:\/\/industriasegura.com\/tienda\/wp-json\/wp\/v2\/product"}],"about":[{"href":"https:\/\/industriasegura.com\/tienda\/wp-json\/wp\/v2\/types\/product"}],"replies":[{"embeddable":true,"href":"https:\/\/industriasegura.com\/tienda\/wp-json\/wp\/v2\/comments?post=1532"}],"wp:featuredmedia":[{"embeddable":true,"href":"https:\/\/industriasegura.com\/tienda\/wp-json\/wp\/v2\/media\/1533"}],"wp:attachment":[{"href":"https:\/\/industriasegura.com\/tienda\/wp-json\/wp\/v2\/media?parent=1532"}],"wp:term":[{"taxonomy":"product_brand","embeddable":true,"href":"https:\/\/industriasegura.com\/tienda\/wp-json\/wp\/v2\/product_brand?post=1532"},{"taxonomy":"product_cat","embeddable":true,"href":"https:\/\/industriasegura.com\/tienda\/wp-json\/wp\/v2\/product_cat?post=1532"},{"taxonomy":"product_tag","embeddable":true,"href":"https:\/\/industriasegura.com\/tienda\/wp-json\/wp\/v2\/product_tag?post=1532"}],"curies":[{"name":"wp","href":"https:\/\/api.w.org\/{rel}","templated":true}]}}