{"id":1725,"date":"2024-08-22T09:37:08","date_gmt":"2024-08-22T15:37:08","guid":{"rendered":"https:\/\/industriasegura.com\/tienda\/?post_type=product&#038;p=1725"},"modified":"2024-08-22T13:11:42","modified_gmt":"2024-08-22T19:11:42","slug":"compresor-gasolina-ig-mch6sh","status":"publish","type":"product","link":"https:\/\/industriasegura.com\/tienda\/producto\/compresor-gasolina-ig-mch6sh\/","title":{"rendered":"Compresor gasolina IG-MCH6SH"},"content":{"rendered":"","protected":false},"excerpt":{"rendered":"<p>Compresor de aire a gas portatil. Rango de carga 100L\/min Peso 39kg.<\/p>\n<p>Es un equipo de generaci\u00f3n de aire respirable grado D, ya que cuenta con 3 mecanismos de filtrado:<br \/>\n\u2022 Filtro de succi\u00f3n capaz de retener part\u00edculas de hasta 2 micrones.<br \/>\n\u2022 Filtro de carb\u00f3n activado capaz de retener olores.<br \/>\n\u2022 Filtro de humedad capaz de alargar la vida \u00fatil del cilindro.<br \/>\nSe utiliza en la recarga de cilindros utilizados en los equipos de respiraci\u00f3n aut\u00f3nomos. Puede ser cargado f\u00e1cilmente en la caja o cajuela de cualquier veh\u00edculo. <\/p>\n","protected":false},"featured_media":1726,"comment_status":"open","ping_status":"closed","template":"","meta":[],"product_brand":[],"product_cat":[12,14],"product_tag":[],"class_list":{"0":"post-1725","1":"product","2":"type-product","3":"status-publish","4":"has-post-thumbnail","6":"product_cat-contra-incendio","7":"product_cat-proteccion-respiratoria","8":"clearfix","10":"first","11":"instock","12":"taxable","13":"shipping-taxable","14":"purchasable","15":"product-type-simple"},"aioseo_notices":[],"_links":{"self":[{"href":"https:\/\/industriasegura.com\/tienda\/wp-json\/wp\/v2\/product\/1725","targetHints":{"allow":["GET"]}}],"collection":[{"href":"https:\/\/industriasegura.com\/tienda\/wp-json\/wp\/v2\/product"}],"about":[{"href":"https:\/\/industriasegura.com\/tienda\/wp-json\/wp\/v2\/types\/product"}],"replies":[{"embeddable":true,"href":"https:\/\/industriasegura.com\/tienda\/wp-json\/wp\/v2\/comments?post=1725"}],"wp:featuredmedia":[{"embeddable":true,"href":"https:\/\/industriasegura.com\/tienda\/wp-json\/wp\/v2\/media\/1726"}],"wp:attachment":[{"href":"https:\/\/industriasegura.com\/tienda\/wp-json\/wp\/v2\/media?parent=1725"}],"wp:term":[{"taxonomy":"product_brand","embeddable":true,"href":"https:\/\/industriasegura.com\/tienda\/wp-json\/wp\/v2\/product_brand?post=1725"},{"taxonomy":"product_cat","embeddable":true,"href":"https:\/\/industriasegura.com\/tienda\/wp-json\/wp\/v2\/product_cat?post=1725"},{"taxonomy":"product_tag","embeddable":true,"href":"https:\/\/industriasegura.com\/tienda\/wp-json\/wp\/v2\/product_tag?post=1725"}],"curies":[{"name":"wp","href":"https:\/\/api.w.org\/{rel}","templated":true}]}}