{"id":1751,"date":"2024-08-30T12:55:25","date_gmt":"2024-08-30T18:55:25","guid":{"rendered":"https:\/\/industriasegura.com\/tienda\/?post_type=product&#038;p=1751"},"modified":"2024-08-30T12:59:14","modified_gmt":"2024-08-30T18:59:14","slug":"casco-msa-ala-completa-con-susp-fas-trac","status":"publish","type":"product","link":"https:\/\/industriasegura.com\/tienda\/producto\/casco-msa-ala-completa-con-susp-fas-trac\/","title":{"rendered":"Casco MSA ala completa con Susp. Fas-Trac"},"content":{"rendered":"","protected":false},"excerpt":{"rendered":"<p>Los cascos de seguridad tipo ala completa MSA V-Gard, consisten en una estructura de polietileno (concha) y un sistema de suspensi\u00f3n que juntos crean un sistema de protecci\u00f3n. Cumplen y exceden los requisitos aplicables para un casco Tipo I (impacto superior), establecidos por la normatividad mexicana. Dise\u00f1ados para proveer protecci\u00f3n contra impactos (limitada) y penetraci\u00f3n a la cabeza de los usuarios, as\u00ed como a la tensi\u00f3n el\u00e9ctrica.<\/p>\n","protected":false},"featured_media":1752,"comment_status":"open","ping_status":"closed","template":"","meta":[],"product_brand":[],"product_cat":[6],"product_tag":[],"class_list":{"0":"post-1751","1":"product","2":"type-product","3":"status-publish","4":"has-post-thumbnail","6":"product_cat-proteccion-cara","7":"clearfix","9":"first","10":"instock","11":"taxable","12":"shipping-taxable","13":"purchasable","14":"product-type-simple"},"aioseo_notices":[],"_links":{"self":[{"href":"https:\/\/industriasegura.com\/tienda\/wp-json\/wp\/v2\/product\/1751","targetHints":{"allow":["GET"]}}],"collection":[{"href":"https:\/\/industriasegura.com\/tienda\/wp-json\/wp\/v2\/product"}],"about":[{"href":"https:\/\/industriasegura.com\/tienda\/wp-json\/wp\/v2\/types\/product"}],"replies":[{"embeddable":true,"href":"https:\/\/industriasegura.com\/tienda\/wp-json\/wp\/v2\/comments?post=1751"}],"wp:featuredmedia":[{"embeddable":true,"href":"https:\/\/industriasegura.com\/tienda\/wp-json\/wp\/v2\/media\/1752"}],"wp:attachment":[{"href":"https:\/\/industriasegura.com\/tienda\/wp-json\/wp\/v2\/media?parent=1751"}],"wp:term":[{"taxonomy":"product_brand","embeddable":true,"href":"https:\/\/industriasegura.com\/tienda\/wp-json\/wp\/v2\/product_brand?post=1751"},{"taxonomy":"product_cat","embeddable":true,"href":"https:\/\/industriasegura.com\/tienda\/wp-json\/wp\/v2\/product_cat?post=1751"},{"taxonomy":"product_tag","embeddable":true,"href":"https:\/\/industriasegura.com\/tienda\/wp-json\/wp\/v2\/product_tag?post=1751"}],"curies":[{"name":"wp","href":"https:\/\/api.w.org\/{rel}","templated":true}]}}