{"id":1784,"date":"2024-09-24T15:30:32","date_gmt":"2024-09-24T21:30:32","guid":{"rendered":"https:\/\/industriasegura.com\/tienda\/?post_type=product&#038;p=1784"},"modified":"2024-09-24T15:41:54","modified_gmt":"2024-09-24T21:41:54","slug":"equipo-de-circuito-cerrado-ig-oba","status":"publish","type":"product","link":"https:\/\/industriasegura.com\/tienda\/producto\/equipo-de-circuito-cerrado-ig-oba\/","title":{"rendered":"Equipo de circuito cerrado IG-OBA"},"content":{"rendered":"","protected":false},"excerpt":{"rendered":"<p>El circuito cerrado funciona a presi\u00f3n positiva y est\u00e1 dise\u00f1ado para proteger al usuario frente a la entrada de sustancias peligrosas al sistema respiratorio.<br \/>\nSuministra al usuario aire respirable durante al menos 4 horas por lo que es perfecto para usar en atm\u00f3sferas altamente peligrosas.<br \/>\n\u2022 Resistencia a la Inhalaci\u00f3n: \u2264600 Pa.<br \/>\n\u2022 Resistencia a la Exhalaci\u00f3n: \u2264700 Pa.<br \/>\n\u2022 Flujo del Suministro de Ox\u00edgeno: 1.4L\/min<br \/>\n\u2022 Apertura de la V\u00e1lvula de Suministro: 50 a 250Pa.<br \/>\n\u2022 Apertura de la V\u00e1lvula de Escape: 400 a 700Pa.<br \/>\nTiempo de uso 240 minutos .<\/p>\n","protected":false},"featured_media":1785,"comment_status":"open","ping_status":"closed","template":"","meta":[],"product_brand":[],"product_cat":[12,14],"product_tag":[],"class_list":{"0":"post-1784","1":"product","2":"type-product","3":"status-publish","4":"has-post-thumbnail","6":"product_cat-contra-incendio","7":"product_cat-proteccion-respiratoria","8":"clearfix","10":"first","11":"instock","12":"taxable","13":"shipping-taxable","14":"purchasable","15":"product-type-simple"},"aioseo_notices":[],"_links":{"self":[{"href":"https:\/\/industriasegura.com\/tienda\/wp-json\/wp\/v2\/product\/1784","targetHints":{"allow":["GET"]}}],"collection":[{"href":"https:\/\/industriasegura.com\/tienda\/wp-json\/wp\/v2\/product"}],"about":[{"href":"https:\/\/industriasegura.com\/tienda\/wp-json\/wp\/v2\/types\/product"}],"replies":[{"embeddable":true,"href":"https:\/\/industriasegura.com\/tienda\/wp-json\/wp\/v2\/comments?post=1784"}],"wp:featuredmedia":[{"embeddable":true,"href":"https:\/\/industriasegura.com\/tienda\/wp-json\/wp\/v2\/media\/1785"}],"wp:attachment":[{"href":"https:\/\/industriasegura.com\/tienda\/wp-json\/wp\/v2\/media?parent=1784"}],"wp:term":[{"taxonomy":"product_brand","embeddable":true,"href":"https:\/\/industriasegura.com\/tienda\/wp-json\/wp\/v2\/product_brand?post=1784"},{"taxonomy":"product_cat","embeddable":true,"href":"https:\/\/industriasegura.com\/tienda\/wp-json\/wp\/v2\/product_cat?post=1784"},{"taxonomy":"product_tag","embeddable":true,"href":"https:\/\/industriasegura.com\/tienda\/wp-json\/wp\/v2\/product_tag?post=1784"}],"curies":[{"name":"wp","href":"https:\/\/api.w.org\/{rel}","templated":true}]}}