{"id":204,"date":"2017-02-24T12:32:19","date_gmt":"2017-02-24T18:32:19","guid":{"rendered":"https:\/\/industriasegura.com\/tienda\/producto\/ov-003\/"},"modified":"2024-02-12T14:37:43","modified_gmt":"2024-02-12T20:37:43","slug":"overo-100-algodon-con-reflejante","status":"publish","type":"product","link":"https:\/\/industriasegura.com\/tienda\/producto\/overo-100-algodon-con-reflejante\/","title":{"rendered":"Overol 100% algod\u00f3n con reflejante"},"content":{"rendered":"","protected":false},"excerpt":{"rendered":"<p>Overol de gabardina 100% algod\u00f3n con cierre de lat\u00f3n doble acci\u00f3n, 6 bolsas con doble costura tipo parche, cintur\u00f3n con el\u00e1stico, cinta reflejante bicolor y manga larga color azul marino, tallas: 36 &#8211; 48<\/p>\n","protected":false},"featured_media":1303,"comment_status":"open","ping_status":"closed","template":"","meta":[],"product_brand":[],"product_cat":[13],"product_tag":[],"class_list":{"0":"post-204","1":"product","2":"type-product","3":"status-publish","4":"has-post-thumbnail","6":"product_cat-uniformes","7":"clearfix","9":"first","10":"instock","11":"taxable","12":"shipping-taxable","13":"purchasable","14":"product-type-simple"},"aioseo_notices":[],"_links":{"self":[{"href":"https:\/\/industriasegura.com\/tienda\/wp-json\/wp\/v2\/product\/204","targetHints":{"allow":["GET"]}}],"collection":[{"href":"https:\/\/industriasegura.com\/tienda\/wp-json\/wp\/v2\/product"}],"about":[{"href":"https:\/\/industriasegura.com\/tienda\/wp-json\/wp\/v2\/types\/product"}],"replies":[{"embeddable":true,"href":"https:\/\/industriasegura.com\/tienda\/wp-json\/wp\/v2\/comments?post=204"}],"wp:featuredmedia":[{"embeddable":true,"href":"https:\/\/industriasegura.com\/tienda\/wp-json\/wp\/v2\/media\/1303"}],"wp:attachment":[{"href":"https:\/\/industriasegura.com\/tienda\/wp-json\/wp\/v2\/media?parent=204"}],"wp:term":[{"taxonomy":"product_brand","embeddable":true,"href":"https:\/\/industriasegura.com\/tienda\/wp-json\/wp\/v2\/product_brand?post=204"},{"taxonomy":"product_cat","embeddable":true,"href":"https:\/\/industriasegura.com\/tienda\/wp-json\/wp\/v2\/product_cat?post=204"},{"taxonomy":"product_tag","embeddable":true,"href":"https:\/\/industriasegura.com\/tienda\/wp-json\/wp\/v2\/product_tag?post=204"}],"curies":[{"name":"wp","href":"https:\/\/api.w.org\/{rel}","templated":true}]}}