{"id":209,"date":"2017-02-24T12:32:21","date_gmt":"2017-02-24T18:32:21","guid":{"rendered":"https:\/\/industriasegura.com\/tienda\/producto\/se-060\/"},"modified":"2024-11-01T17:07:04","modified_gmt":"2024-11-01T23:07:04","slug":"overol-desechable-blanco","status":"publish","type":"product","link":"https:\/\/industriasegura.com\/tienda\/producto\/overol-desechable-blanco\/","title":{"rendered":"Overol desechable blanco"},"content":{"rendered":"","protected":false},"excerpt":{"rendered":"<p>Excelente opci\u00f3n en ropa desechable, comodidad y permeabilidad, tela microporosa protege contra las grasas, polvos, aerosoles, l\u00edquidos, brinda confort, durabilidad y protecci\u00f3n, con zipper, gorra y el\u00e1stico en pu\u00f1o, tobillos y capucha.<br \/>\nTallas : M &#8211; 2XL<\/p>\n","protected":false},"featured_media":1282,"comment_status":"open","ping_status":"closed","template":"","meta":[],"product_brand":[],"product_cat":[13],"product_tag":[],"class_list":{"0":"post-209","1":"product","2":"type-product","3":"status-publish","4":"has-post-thumbnail","6":"product_cat-uniformes","7":"clearfix","9":"first","10":"instock","11":"taxable","12":"shipping-taxable","13":"purchasable","14":"product-type-simple"},"aioseo_notices":[],"_links":{"self":[{"href":"https:\/\/industriasegura.com\/tienda\/wp-json\/wp\/v2\/product\/209","targetHints":{"allow":["GET"]}}],"collection":[{"href":"https:\/\/industriasegura.com\/tienda\/wp-json\/wp\/v2\/product"}],"about":[{"href":"https:\/\/industriasegura.com\/tienda\/wp-json\/wp\/v2\/types\/product"}],"replies":[{"embeddable":true,"href":"https:\/\/industriasegura.com\/tienda\/wp-json\/wp\/v2\/comments?post=209"}],"wp:featuredmedia":[{"embeddable":true,"href":"https:\/\/industriasegura.com\/tienda\/wp-json\/wp\/v2\/media\/1282"}],"wp:attachment":[{"href":"https:\/\/industriasegura.com\/tienda\/wp-json\/wp\/v2\/media?parent=209"}],"wp:term":[{"taxonomy":"product_brand","embeddable":true,"href":"https:\/\/industriasegura.com\/tienda\/wp-json\/wp\/v2\/product_brand?post=209"},{"taxonomy":"product_cat","embeddable":true,"href":"https:\/\/industriasegura.com\/tienda\/wp-json\/wp\/v2\/product_cat?post=209"},{"taxonomy":"product_tag","embeddable":true,"href":"https:\/\/industriasegura.com\/tienda\/wp-json\/wp\/v2\/product_tag?post=209"}],"curies":[{"name":"wp","href":"https:\/\/api.w.org\/{rel}","templated":true}]}}