{"id":215,"date":"2017-02-24T12:32:24","date_gmt":"2017-02-24T18:32:24","guid":{"rendered":"https:\/\/industriasegura.com\/tienda\/producto\/lente-army-claro\/"},"modified":"2024-11-01T16:37:50","modified_gmt":"2024-11-01T22:37:50","slug":"al012cl","status":"publish","type":"product","link":"https:\/\/industriasegura.com\/tienda\/producto\/al012cl\/","title":{"rendered":"Lente de policarbonato claro"},"content":{"rendered":"","protected":false},"excerpt":{"rendered":"<p>Lente de policarbonato, patillas tipo esp\u00e1tula, puente nasal universal, dise\u00f1o ergon\u00f3mico, filtro UV, cuenta con tratamiento antirayaduras. Mica clara y dise\u00f1o ergon\u00f3mico, ideal para trabajos donde se requiera el uso de lentes de seguridad por periodos de tiempo prolongados, protecci\u00f3n para trabajos donde haya proyecci\u00f3n de part\u00edculas o demasiado polvo.<\/p>\n","protected":false},"featured_media":927,"comment_status":"open","ping_status":"closed","template":"","meta":[],"product_brand":[],"product_cat":[6,53],"product_tag":[],"class_list":{"0":"post-215","1":"product","2":"type-product","3":"status-publish","4":"has-post-thumbnail","6":"product_cat-proteccion-cara","7":"product_cat-top-ventas","8":"clearfix","10":"first","11":"instock","12":"taxable","13":"shipping-taxable","14":"purchasable","15":"product-type-simple"},"aioseo_notices":[],"_links":{"self":[{"href":"https:\/\/industriasegura.com\/tienda\/wp-json\/wp\/v2\/product\/215","targetHints":{"allow":["GET"]}}],"collection":[{"href":"https:\/\/industriasegura.com\/tienda\/wp-json\/wp\/v2\/product"}],"about":[{"href":"https:\/\/industriasegura.com\/tienda\/wp-json\/wp\/v2\/types\/product"}],"replies":[{"embeddable":true,"href":"https:\/\/industriasegura.com\/tienda\/wp-json\/wp\/v2\/comments?post=215"}],"wp:featuredmedia":[{"embeddable":true,"href":"https:\/\/industriasegura.com\/tienda\/wp-json\/wp\/v2\/media\/927"}],"wp:attachment":[{"href":"https:\/\/industriasegura.com\/tienda\/wp-json\/wp\/v2\/media?parent=215"}],"wp:term":[{"taxonomy":"product_brand","embeddable":true,"href":"https:\/\/industriasegura.com\/tienda\/wp-json\/wp\/v2\/product_brand?post=215"},{"taxonomy":"product_cat","embeddable":true,"href":"https:\/\/industriasegura.com\/tienda\/wp-json\/wp\/v2\/product_cat?post=215"},{"taxonomy":"product_tag","embeddable":true,"href":"https:\/\/industriasegura.com\/tienda\/wp-json\/wp\/v2\/product_tag?post=215"}],"curies":[{"name":"wp","href":"https:\/\/api.w.org\/{rel}","templated":true}]}}