{"id":216,"date":"2017-02-24T12:32:25","date_gmt":"2017-02-24T18:32:25","guid":{"rendered":"https:\/\/industriasegura.com\/tienda\/producto\/lente-army-gris\/"},"modified":"2024-11-01T16:38:58","modified_gmt":"2024-11-01T22:38:58","slug":"al012gr","status":"publish","type":"product","link":"https:\/\/industriasegura.com\/tienda\/producto\/al012gr\/","title":{"rendered":"Lente de policarbonato gris"},"content":{"rendered":"","protected":false},"excerpt":{"rendered":"<p>Lente de policarbonato, con tratamiento antiempa\u00f1o y patillas tipo esp\u00e1tula, puente nasal universal, dise\u00f1o ergon\u00f3mico, filtro UV, cuenta con tratamiento antirayaduras. Mica color gris para actividades en el exterior y con luminosidad. Protecci\u00f3n en riesgos de proyecci\u00f3n de part\u00edculas, cuenta con tratamiento antirayaduras.<\/p>\n","protected":false},"featured_media":930,"comment_status":"open","ping_status":"closed","template":"","meta":[],"product_brand":[],"product_cat":[6,53],"product_tag":[],"class_list":{"0":"post-216","1":"product","2":"type-product","3":"status-publish","4":"has-post-thumbnail","6":"product_cat-proteccion-cara","7":"product_cat-top-ventas","8":"clearfix","10":"first","11":"instock","12":"taxable","13":"shipping-taxable","14":"purchasable","15":"product-type-simple"},"aioseo_notices":[],"_links":{"self":[{"href":"https:\/\/industriasegura.com\/tienda\/wp-json\/wp\/v2\/product\/216","targetHints":{"allow":["GET"]}}],"collection":[{"href":"https:\/\/industriasegura.com\/tienda\/wp-json\/wp\/v2\/product"}],"about":[{"href":"https:\/\/industriasegura.com\/tienda\/wp-json\/wp\/v2\/types\/product"}],"replies":[{"embeddable":true,"href":"https:\/\/industriasegura.com\/tienda\/wp-json\/wp\/v2\/comments?post=216"}],"wp:featuredmedia":[{"embeddable":true,"href":"https:\/\/industriasegura.com\/tienda\/wp-json\/wp\/v2\/media\/930"}],"wp:attachment":[{"href":"https:\/\/industriasegura.com\/tienda\/wp-json\/wp\/v2\/media?parent=216"}],"wp:term":[{"taxonomy":"product_brand","embeddable":true,"href":"https:\/\/industriasegura.com\/tienda\/wp-json\/wp\/v2\/product_brand?post=216"},{"taxonomy":"product_cat","embeddable":true,"href":"https:\/\/industriasegura.com\/tienda\/wp-json\/wp\/v2\/product_cat?post=216"},{"taxonomy":"product_tag","embeddable":true,"href":"https:\/\/industriasegura.com\/tienda\/wp-json\/wp\/v2\/product_tag?post=216"}],"curies":[{"name":"wp","href":"https:\/\/api.w.org\/{rel}","templated":true}]}}