{"id":271,"date":"2017-02-24T12:32:49","date_gmt":"2017-02-24T18:32:49","guid":{"rendered":"https:\/\/industriasegura.com\/tienda\/producto\/gnn\/"},"modified":"2024-11-01T16:14:24","modified_gmt":"2024-11-01T22:14:24","slug":"gnylonconnitrilo","status":"publish","type":"product","link":"https:\/\/industriasegura.com\/tienda\/producto\/gnylonconnitrilo\/","title":{"rendered":"Guante de nylon con palma de nitrilo"},"content":{"rendered":"","protected":false},"excerpt":{"rendered":"<p>Guante de nylon y nitrilo s\u00f3lido negro, sin costuras con pu\u00f1o tejido de punto ribeteado. Por sus colores oscuros tanto del nylon como del nitrilo hace de este guante una buena opci\u00f3n para disimular la suciedad, adem\u00e1s tiene excelente elasticidad y flexibilidad, con alta protecci\u00f3n a procesos de abrasi\u00f3n, pinchaduras y corte. El nitrilo s\u00f3lido da alta protecci\u00f3n para trabajos que requieran buen agarre en seco. Tallas 5 al 10<\/p>\n","protected":false},"featured_media":924,"comment_status":"open","ping_status":"closed","template":"","meta":[],"product_brand":[],"product_cat":[8],"product_tag":[],"class_list":{"0":"post-271","1":"product","2":"type-product","3":"status-publish","4":"has-post-thumbnail","6":"product_cat-guantes","7":"clearfix","9":"first","10":"instock","11":"taxable","12":"shipping-taxable","13":"purchasable","14":"product-type-simple"},"aioseo_notices":[],"_links":{"self":[{"href":"https:\/\/industriasegura.com\/tienda\/wp-json\/wp\/v2\/product\/271","targetHints":{"allow":["GET"]}}],"collection":[{"href":"https:\/\/industriasegura.com\/tienda\/wp-json\/wp\/v2\/product"}],"about":[{"href":"https:\/\/industriasegura.com\/tienda\/wp-json\/wp\/v2\/types\/product"}],"replies":[{"embeddable":true,"href":"https:\/\/industriasegura.com\/tienda\/wp-json\/wp\/v2\/comments?post=271"}],"wp:featuredmedia":[{"embeddable":true,"href":"https:\/\/industriasegura.com\/tienda\/wp-json\/wp\/v2\/media\/924"}],"wp:attachment":[{"href":"https:\/\/industriasegura.com\/tienda\/wp-json\/wp\/v2\/media?parent=271"}],"wp:term":[{"taxonomy":"product_brand","embeddable":true,"href":"https:\/\/industriasegura.com\/tienda\/wp-json\/wp\/v2\/product_brand?post=271"},{"taxonomy":"product_cat","embeddable":true,"href":"https:\/\/industriasegura.com\/tienda\/wp-json\/wp\/v2\/product_cat?post=271"},{"taxonomy":"product_tag","embeddable":true,"href":"https:\/\/industriasegura.com\/tienda\/wp-json\/wp\/v2\/product_tag?post=271"}],"curies":[{"name":"wp","href":"https:\/\/api.w.org\/{rel}","templated":true}]}}