{"id":709,"date":"2021-07-22T16:09:21","date_gmt":"2021-07-22T22:09:21","guid":{"rendered":"https:\/\/industriasegura.com\/tienda\/?post_type=product&#038;p=709"},"modified":"2024-02-14T11:01:14","modified_gmt":"2024-02-14T17:01:14","slug":"a1ep-s-l","status":"publish","type":"product","link":"https:\/\/industriasegura.com\/tienda\/producto\/a1ep-s-l\/","title":{"rendered":"Arn\u00e9s Contra Ca\u00edda A1EP-S\/L Certificado"},"content":{"rendered":"","protected":false},"excerpt":{"rendered":"<p>Fabricado espec\u00edficamente para contrarrestar una ca\u00edda su dise\u00f1o permite realizar trabajos en alturas con m\u00e1xima libertad y alto confort en usuarios con requerimientos de equipo ligero sencillo y altamente resistente a duras jornadas de trabajo.<\/p>\n<p>Cuenta con un anillo tipo &#8220;D&#8221; en zona Dorsal y es fabricado en cinta poli\u00e9ster 100%.<\/p>\n<p>Esta Certificado bajo la normatividad ANSI Z359.11-2014.<\/p>\n","protected":false},"featured_media":710,"comment_status":"open","ping_status":"closed","template":"","meta":[],"product_brand":[],"product_cat":[16],"product_tag":[],"class_list":{"0":"post-709","1":"product","2":"type-product","3":"status-publish","4":"has-post-thumbnail","6":"product_cat-proteccion-de-alturas","7":"clearfix","9":"first","10":"instock","11":"taxable","12":"shipping-taxable","13":"purchasable","14":"product-type-simple"},"aioseo_notices":[],"_links":{"self":[{"href":"https:\/\/industriasegura.com\/tienda\/wp-json\/wp\/v2\/product\/709","targetHints":{"allow":["GET"]}}],"collection":[{"href":"https:\/\/industriasegura.com\/tienda\/wp-json\/wp\/v2\/product"}],"about":[{"href":"https:\/\/industriasegura.com\/tienda\/wp-json\/wp\/v2\/types\/product"}],"replies":[{"embeddable":true,"href":"https:\/\/industriasegura.com\/tienda\/wp-json\/wp\/v2\/comments?post=709"}],"wp:featuredmedia":[{"embeddable":true,"href":"https:\/\/industriasegura.com\/tienda\/wp-json\/wp\/v2\/media\/710"}],"wp:attachment":[{"href":"https:\/\/industriasegura.com\/tienda\/wp-json\/wp\/v2\/media?parent=709"}],"wp:term":[{"taxonomy":"product_brand","embeddable":true,"href":"https:\/\/industriasegura.com\/tienda\/wp-json\/wp\/v2\/product_brand?post=709"},{"taxonomy":"product_cat","embeddable":true,"href":"https:\/\/industriasegura.com\/tienda\/wp-json\/wp\/v2\/product_cat?post=709"},{"taxonomy":"product_tag","embeddable":true,"href":"https:\/\/industriasegura.com\/tienda\/wp-json\/wp\/v2\/product_tag?post=709"}],"curies":[{"name":"wp","href":"https:\/\/api.w.org\/{rel}","templated":true}]}}