{"id":711,"date":"2021-07-22T16:19:14","date_gmt":"2021-07-22T22:19:14","guid":{"rendered":"https:\/\/industriasegura.com\/tienda\/?post_type=product&#038;p=711"},"modified":"2024-02-14T11:02:43","modified_gmt":"2024-02-14T17:02:43","slug":"a2ep-s-l","status":"publish","type":"product","link":"https:\/\/industriasegura.com\/tienda\/producto\/a2ep-s-l\/","title":{"rendered":"Arn\u00e9s cuerpo Completo 3 Argollas A2EP-S\/L"},"content":{"rendered":"","protected":false},"excerpt":{"rendered":"<p>Equipo dise\u00f1ado para tareas de posicionamiento y de arresto de ca\u00edda.<\/p>\n<p>Su esbelto dise\u00f1o permite realizar trabajos en alturas con m\u00e1xima libertad, y menor peso, brindando el m\u00e1ximo confort en usuarios con necesidades espec\u00edficas de equipos ligeros.<\/p>\n<p>Es un equipo fabricado con cintas que se colocan alrededor de el t\u00f3rax, hombro y piernas, distribuyendo la carga de impacto.<\/p>\n<p>Cuenta con un (1) anillo met\u00e1lico tipo \u201cD\u201d en la zona dorsal para sistemas contra ca\u00eddas, y dos (2) anillos met\u00e1licos a la altura de la cadera, para sistemas de posicionamiento.<\/p>\n<p>3 Puntos de Ajuste; 3 Argolla Acero, Hebilla PT ( Pass Trougth ) Acero.<\/p>\n<p>Normatividad : ANSI Z359.11-2014 \/ ANSI Z359.1-2007 \/ NRF-024-PEMEX 2009 \/ EN 361: 2002<\/p>\n","protected":false},"featured_media":712,"comment_status":"open","ping_status":"closed","template":"","meta":[],"product_brand":[],"product_cat":[16],"product_tag":[],"class_list":{"0":"post-711","1":"product","2":"type-product","3":"status-publish","4":"has-post-thumbnail","6":"product_cat-proteccion-de-alturas","7":"clearfix","9":"first","10":"instock","11":"taxable","12":"shipping-taxable","13":"purchasable","14":"product-type-simple"},"aioseo_notices":[],"_links":{"self":[{"href":"https:\/\/industriasegura.com\/tienda\/wp-json\/wp\/v2\/product\/711","targetHints":{"allow":["GET"]}}],"collection":[{"href":"https:\/\/industriasegura.com\/tienda\/wp-json\/wp\/v2\/product"}],"about":[{"href":"https:\/\/industriasegura.com\/tienda\/wp-json\/wp\/v2\/types\/product"}],"replies":[{"embeddable":true,"href":"https:\/\/industriasegura.com\/tienda\/wp-json\/wp\/v2\/comments?post=711"}],"wp:featuredmedia":[{"embeddable":true,"href":"https:\/\/industriasegura.com\/tienda\/wp-json\/wp\/v2\/media\/712"}],"wp:attachment":[{"href":"https:\/\/industriasegura.com\/tienda\/wp-json\/wp\/v2\/media?parent=711"}],"wp:term":[{"taxonomy":"product_brand","embeddable":true,"href":"https:\/\/industriasegura.com\/tienda\/wp-json\/wp\/v2\/product_brand?post=711"},{"taxonomy":"product_cat","embeddable":true,"href":"https:\/\/industriasegura.com\/tienda\/wp-json\/wp\/v2\/product_cat?post=711"},{"taxonomy":"product_tag","embeddable":true,"href":"https:\/\/industriasegura.com\/tienda\/wp-json\/wp\/v2\/product_tag?post=711"}],"curies":[{"name":"wp","href":"https:\/\/api.w.org\/{rel}","templated":true}]}}