{"id":715,"date":"2021-07-22T16:30:50","date_gmt":"2021-07-22T22:30:50","guid":{"rendered":"https:\/\/industriasegura.com\/tienda\/?post_type=product&#038;p=715"},"modified":"2024-02-14T11:01:44","modified_gmt":"2024-02-14T17:01:44","slug":"a1p-sl","status":"publish","type":"product","link":"https:\/\/industriasegura.com\/tienda\/producto\/a1p-sl\/","title":{"rendered":"Arn\u00e9s Cuerpo Completo 1 Argolla, 5 Puntos de Ajuste A1P-SL"},"content":{"rendered":"","protected":false},"excerpt":{"rendered":"<p>Equipo dise\u00f1ado espec\u00edficamente para contrarrestar una ca\u00edda.<\/p>\n<p>Su fuerte dise\u00f1o permite realizar trabajos en alturas con m\u00e1xima libertad, y alto confort en usuarios con requerimientos de equipo ligero, sencillo y altamente resistente a duras jornadas de trabajo.<\/p>\n<p>Es un equipo fabricado con cintas que se colocan alrededor de el t\u00f3rax, hombro y piernas, distribuyendo la carga de impacto.<\/p>\n<p>Cuenta con un (1) anillo met\u00e1lico tipo \u201cD\u201d; en la zona dorsal para configuraci\u00f3n de sistemas de protecci\u00f3n contra ca\u00eddas.<\/p>\n<p>5 Puntos de ajuste; 1 Argolla Acero, Hebilla PT ( Pass Trougth ) Acero.<br \/>\nNormatividad : ANSI Z359.11-2014 \/ ANSI Z359.1-2007 \/ NRF-024-PEMEX 2009 \/ EN 3612002<\/p>\n","protected":false},"featured_media":738,"comment_status":"open","ping_status":"closed","template":"","meta":[],"product_brand":[],"product_cat":[16],"product_tag":[],"class_list":{"0":"post-715","1":"product","2":"type-product","3":"status-publish","4":"has-post-thumbnail","6":"product_cat-proteccion-de-alturas","7":"clearfix","9":"first","10":"instock","11":"taxable","12":"shipping-taxable","13":"purchasable","14":"product-type-simple"},"aioseo_notices":[],"_links":{"self":[{"href":"https:\/\/industriasegura.com\/tienda\/wp-json\/wp\/v2\/product\/715","targetHints":{"allow":["GET"]}}],"collection":[{"href":"https:\/\/industriasegura.com\/tienda\/wp-json\/wp\/v2\/product"}],"about":[{"href":"https:\/\/industriasegura.com\/tienda\/wp-json\/wp\/v2\/types\/product"}],"replies":[{"embeddable":true,"href":"https:\/\/industriasegura.com\/tienda\/wp-json\/wp\/v2\/comments?post=715"}],"wp:featuredmedia":[{"embeddable":true,"href":"https:\/\/industriasegura.com\/tienda\/wp-json\/wp\/v2\/media\/738"}],"wp:attachment":[{"href":"https:\/\/industriasegura.com\/tienda\/wp-json\/wp\/v2\/media?parent=715"}],"wp:term":[{"taxonomy":"product_brand","embeddable":true,"href":"https:\/\/industriasegura.com\/tienda\/wp-json\/wp\/v2\/product_brand?post=715"},{"taxonomy":"product_cat","embeddable":true,"href":"https:\/\/industriasegura.com\/tienda\/wp-json\/wp\/v2\/product_cat?post=715"},{"taxonomy":"product_tag","embeddable":true,"href":"https:\/\/industriasegura.com\/tienda\/wp-json\/wp\/v2\/product_tag?post=715"}],"curies":[{"name":"wp","href":"https:\/\/api.w.org\/{rel}","templated":true}]}}