{"id":750,"date":"2021-07-22T16:50:42","date_gmt":"2021-07-22T22:50:42","guid":{"rendered":"https:\/\/industriasegura.com\/tienda\/?post_type=product&#038;p=750"},"modified":"2024-02-14T11:05:26","modified_gmt":"2024-02-14T17:05:26","slug":"c11p-1-80","status":"publish","type":"product","link":"https:\/\/industriasegura.com\/tienda\/producto\/c11p-1-80\/","title":{"rendered":"Cable de seguridad doble con amortiguador C11P-1.80"},"content":{"rendered":"","protected":false},"excerpt":{"rendered":"<p>Doble L\u00ednea o cuerda flexible que sirve para asegurar el arn\u00e9s a un punto de<br \/>\nanclaje mediante ganchos de seguridad en los extremos.<\/p>\n<p>Este cable est\u00e1 compuesto por dos (3) ganchos de doble seguro que<br \/>\nevitan una liberaci\u00f3n accidental, y cuentan con una apertura de 3\/4\u2033(19mm).<\/p>\n<p>El cuerpo del cable es de Poli\u00e9ster, cuenta con un amortiguador de impacto, que absorbe la energ\u00eda en un evento de ca\u00edda.                                            <\/p>\n<p>EN 355:2002 \/ ANSI A10.32-200<\/p>\n","protected":false},"featured_media":751,"comment_status":"open","ping_status":"closed","template":"","meta":[],"product_brand":[],"product_cat":[16],"product_tag":[],"class_list":{"0":"post-750","1":"product","2":"type-product","3":"status-publish","4":"has-post-thumbnail","6":"product_cat-proteccion-de-alturas","7":"clearfix","9":"first","10":"instock","11":"taxable","12":"shipping-taxable","13":"purchasable","14":"product-type-simple"},"aioseo_notices":[],"_links":{"self":[{"href":"https:\/\/industriasegura.com\/tienda\/wp-json\/wp\/v2\/product\/750","targetHints":{"allow":["GET"]}}],"collection":[{"href":"https:\/\/industriasegura.com\/tienda\/wp-json\/wp\/v2\/product"}],"about":[{"href":"https:\/\/industriasegura.com\/tienda\/wp-json\/wp\/v2\/types\/product"}],"replies":[{"embeddable":true,"href":"https:\/\/industriasegura.com\/tienda\/wp-json\/wp\/v2\/comments?post=750"}],"wp:featuredmedia":[{"embeddable":true,"href":"https:\/\/industriasegura.com\/tienda\/wp-json\/wp\/v2\/media\/751"}],"wp:attachment":[{"href":"https:\/\/industriasegura.com\/tienda\/wp-json\/wp\/v2\/media?parent=750"}],"wp:term":[{"taxonomy":"product_brand","embeddable":true,"href":"https:\/\/industriasegura.com\/tienda\/wp-json\/wp\/v2\/product_brand?post=750"},{"taxonomy":"product_cat","embeddable":true,"href":"https:\/\/industriasegura.com\/tienda\/wp-json\/wp\/v2\/product_cat?post=750"},{"taxonomy":"product_tag","embeddable":true,"href":"https:\/\/industriasegura.com\/tienda\/wp-json\/wp\/v2\/product_tag?post=750"}],"curies":[{"name":"wp","href":"https:\/\/api.w.org\/{rel}","templated":true}]}}