{"id":754,"date":"2021-07-22T16:56:32","date_gmt":"2021-07-22T22:56:32","guid":{"rendered":"https:\/\/industriasegura.com\/tienda\/?post_type=product&#038;p=754"},"modified":"2024-02-14T11:04:50","modified_gmt":"2024-02-14T17:04:50","slug":"c2p-1-80-m","status":"publish","type":"product","link":"https:\/\/industriasegura.com\/tienda\/producto\/c2p-1-80-m\/","title":{"rendered":"CABLE DE POSICIONAMIENTO C2P 1.80 M"},"content":{"rendered":"","protected":false},"excerpt":{"rendered":"<p>L\u00ednea de vida flexible que sirve para asegurar el arn\u00e9s desde un punto de anclaje, hacia los anillos de posicionamiento de la cadera, mediante ganchos de seguridad a los extremos.<br \/>\nEl cuerpo del cable es de poli\u00e9ster, contando con toda la extensi\u00f3n del mismo, para llevar a cabo trabajos con manos libres. Longitud de 1.80 m<br \/>\n\u00c9ste cable est\u00e1 compuesto por dos ganchos de doble seguro que evitan una liberaci\u00f3n accidental y cuentan con una apertura de 3\/4\u2033 (19mm).<br \/>\nSistema de posicionamiento, NO es equipo contra ca\u00eddas.<br \/>\nAplicaciones en construcci\u00f3n e industria en general.<\/p>\n","protected":false},"featured_media":755,"comment_status":"open","ping_status":"closed","template":"","meta":[],"product_brand":[],"product_cat":[16],"product_tag":[],"class_list":{"0":"post-754","1":"product","2":"type-product","3":"status-publish","4":"has-post-thumbnail","6":"product_cat-proteccion-de-alturas","7":"clearfix","9":"first","10":"instock","11":"taxable","12":"shipping-taxable","13":"purchasable","14":"product-type-simple"},"aioseo_notices":[],"_links":{"self":[{"href":"https:\/\/industriasegura.com\/tienda\/wp-json\/wp\/v2\/product\/754","targetHints":{"allow":["GET"]}}],"collection":[{"href":"https:\/\/industriasegura.com\/tienda\/wp-json\/wp\/v2\/product"}],"about":[{"href":"https:\/\/industriasegura.com\/tienda\/wp-json\/wp\/v2\/types\/product"}],"replies":[{"embeddable":true,"href":"https:\/\/industriasegura.com\/tienda\/wp-json\/wp\/v2\/comments?post=754"}],"wp:featuredmedia":[{"embeddable":true,"href":"https:\/\/industriasegura.com\/tienda\/wp-json\/wp\/v2\/media\/755"}],"wp:attachment":[{"href":"https:\/\/industriasegura.com\/tienda\/wp-json\/wp\/v2\/media?parent=754"}],"wp:term":[{"taxonomy":"product_brand","embeddable":true,"href":"https:\/\/industriasegura.com\/tienda\/wp-json\/wp\/v2\/product_brand?post=754"},{"taxonomy":"product_cat","embeddable":true,"href":"https:\/\/industriasegura.com\/tienda\/wp-json\/wp\/v2\/product_cat?post=754"},{"taxonomy":"product_tag","embeddable":true,"href":"https:\/\/industriasegura.com\/tienda\/wp-json\/wp\/v2\/product_tag?post=754"}],"curies":[{"name":"wp","href":"https:\/\/api.w.org\/{rel}","templated":true}]}}