{"id":756,"date":"2021-07-22T17:01:08","date_gmt":"2021-07-22T23:01:08","guid":{"rendered":"https:\/\/industriasegura.com\/tienda\/?post_type=product&#038;p=756"},"modified":"2024-02-14T11:04:18","modified_gmt":"2024-02-14T17:04:18","slug":"c1t-1-80","status":"publish","type":"product","link":"https:\/\/industriasegura.com\/tienda\/producto\/c1t-1-80\/","title":{"rendered":"CABLE CONTRACAIDAS C1T-1.80"},"content":{"rendered":"","protected":false},"excerpt":{"rendered":"<p>L\u00ednea o cuerda flexible que sirve para asegurar el arn\u00e9s a un punto de anclaje mediante ganchos de seguridad de 131mm (5.15&#8243;) con una apertura de \u00d819mm (0.74&#8243;).<br \/>\nAdem\u00e1s cuenta con un amortiguador que disipa el impacto en caso de una ca\u00edda.<br \/>\nRESISTENCIA EST\u00c1TICA MATERIA PRIMA<br \/>\nGancho: 2,268 kg (5,000 lb)<br \/>\nTextil: 2,268 kg (5,000 lb)<br \/>\nAbsorbedor de energ\u00eda: 2,268 kg (5,000 lb)<br \/>\nRESISTENCIA AMBIENTAL \u2013 CORROCION<\/p>\n","protected":false},"featured_media":757,"comment_status":"open","ping_status":"closed","template":"","meta":[],"product_brand":[],"product_cat":[16],"product_tag":[],"class_list":{"0":"post-756","1":"product","2":"type-product","3":"status-publish","4":"has-post-thumbnail","6":"product_cat-proteccion-de-alturas","7":"clearfix","9":"first","10":"instock","11":"taxable","12":"shipping-taxable","13":"purchasable","14":"product-type-simple"},"aioseo_notices":[],"_links":{"self":[{"href":"https:\/\/industriasegura.com\/tienda\/wp-json\/wp\/v2\/product\/756","targetHints":{"allow":["GET"]}}],"collection":[{"href":"https:\/\/industriasegura.com\/tienda\/wp-json\/wp\/v2\/product"}],"about":[{"href":"https:\/\/industriasegura.com\/tienda\/wp-json\/wp\/v2\/types\/product"}],"replies":[{"embeddable":true,"href":"https:\/\/industriasegura.com\/tienda\/wp-json\/wp\/v2\/comments?post=756"}],"wp:featuredmedia":[{"embeddable":true,"href":"https:\/\/industriasegura.com\/tienda\/wp-json\/wp\/v2\/media\/757"}],"wp:attachment":[{"href":"https:\/\/industriasegura.com\/tienda\/wp-json\/wp\/v2\/media?parent=756"}],"wp:term":[{"taxonomy":"product_brand","embeddable":true,"href":"https:\/\/industriasegura.com\/tienda\/wp-json\/wp\/v2\/product_brand?post=756"},{"taxonomy":"product_cat","embeddable":true,"href":"https:\/\/industriasegura.com\/tienda\/wp-json\/wp\/v2\/product_cat?post=756"},{"taxonomy":"product_tag","embeddable":true,"href":"https:\/\/industriasegura.com\/tienda\/wp-json\/wp\/v2\/product_tag?post=756"}],"curies":[{"name":"wp","href":"https:\/\/api.w.org\/{rel}","templated":true}]}}