{"id":773,"date":"2021-07-22T17:40:56","date_gmt":"2021-07-22T23:40:56","guid":{"rendered":"https:\/\/industriasegura.com\/tienda\/?post_type=product&#038;p=773"},"modified":"2024-03-25T14:55:14","modified_gmt":"2024-03-25T20:55:14","slug":"a-rws-m-6ft","status":"publish","type":"product","link":"https:\/\/industriasegura.com\/tienda\/producto\/a-rws-m-6ft\/","title":{"rendered":"L\u00ednea de Vida Retr\u00e1ctil Cable de Nylon con Mosquet\u00f3n A\/RWS-M 6ft Gancho chico de Acero"},"content":{"rendered":"","protected":false},"excerpt":{"rendered":"<p>L\u00ednea de Vida Retr\u00e1ctil Cable de Nylon con Mosquet\u00f3n A\/RWS-M 6ft Gancho chico de Acero<\/p>\n","protected":false},"featured_media":774,"comment_status":"open","ping_status":"closed","template":"","meta":[],"product_brand":[],"product_cat":[16],"product_tag":[],"class_list":{"0":"post-773","1":"product","2":"type-product","3":"status-publish","4":"has-post-thumbnail","6":"product_cat-proteccion-de-alturas","7":"clearfix","9":"first","10":"instock","11":"taxable","12":"shipping-taxable","13":"purchasable","14":"product-type-simple"},"aioseo_notices":[],"_links":{"self":[{"href":"https:\/\/industriasegura.com\/tienda\/wp-json\/wp\/v2\/product\/773","targetHints":{"allow":["GET"]}}],"collection":[{"href":"https:\/\/industriasegura.com\/tienda\/wp-json\/wp\/v2\/product"}],"about":[{"href":"https:\/\/industriasegura.com\/tienda\/wp-json\/wp\/v2\/types\/product"}],"replies":[{"embeddable":true,"href":"https:\/\/industriasegura.com\/tienda\/wp-json\/wp\/v2\/comments?post=773"}],"wp:featuredmedia":[{"embeddable":true,"href":"https:\/\/industriasegura.com\/tienda\/wp-json\/wp\/v2\/media\/774"}],"wp:attachment":[{"href":"https:\/\/industriasegura.com\/tienda\/wp-json\/wp\/v2\/media?parent=773"}],"wp:term":[{"taxonomy":"product_brand","embeddable":true,"href":"https:\/\/industriasegura.com\/tienda\/wp-json\/wp\/v2\/product_brand?post=773"},{"taxonomy":"product_cat","embeddable":true,"href":"https:\/\/industriasegura.com\/tienda\/wp-json\/wp\/v2\/product_cat?post=773"},{"taxonomy":"product_tag","embeddable":true,"href":"https:\/\/industriasegura.com\/tienda\/wp-json\/wp\/v2\/product_tag?post=773"}],"curies":[{"name":"wp","href":"https:\/\/api.w.org\/{rel}","templated":true}]}}