{"id":783,"date":"2021-07-22T18:01:32","date_gmt":"2021-07-23T00:01:32","guid":{"rendered":"https:\/\/industriasegura.com\/tienda\/?post_type=product&#038;p=783"},"modified":"2024-03-25T15:05:41","modified_gmt":"2024-03-25T21:05:41","slug":"retractil-d-acero-inoxidable-a-ris-m-20-ft","status":"publish","type":"product","link":"https:\/\/industriasegura.com\/tienda\/producto\/retractil-d-acero-inoxidable-a-ris-m-20-ft\/","title":{"rendered":"Retr\u00e1ctil d\/acero inoxidable A\/RIS-M 20ft"},"content":{"rendered":"","protected":false},"excerpt":{"rendered":"<p>Equipo port\u00e1til de sistema contra ca\u00eddas que provee una l\u00ednea de seguridad al usuario para desplazarse en un \u00e1rea determinada.<\/p>\n<p>Al momento de un evento de ca\u00edda la l\u00ednea auto retr\u00e1ctil, activa el mecanismo autom\u00e1tico de freno la cual detiene al trabajador.<br \/>\nL\u00ednea: Inoxidable \/ 20\u2032 \u2013 6.09mt<br \/>\nMaterial: Acero Inoxidable 3\/16\u2033, gancho y mosquet\u00f3n de acero, caja de pol\u00edmero<br \/>\nMedidas: 20ft (6.09mt)<br \/>\nNormatividad: ANSI Z359.14-2014, UNE-EN 360:2002<\/p>\n","protected":false},"featured_media":784,"comment_status":"open","ping_status":"closed","template":"","meta":[],"product_brand":[],"product_cat":[16],"product_tag":[],"class_list":{"0":"post-783","1":"product","2":"type-product","3":"status-publish","4":"has-post-thumbnail","6":"product_cat-proteccion-de-alturas","7":"clearfix","9":"first","10":"instock","11":"taxable","12":"shipping-taxable","13":"purchasable","14":"product-type-simple"},"aioseo_notices":[],"_links":{"self":[{"href":"https:\/\/industriasegura.com\/tienda\/wp-json\/wp\/v2\/product\/783","targetHints":{"allow":["GET"]}}],"collection":[{"href":"https:\/\/industriasegura.com\/tienda\/wp-json\/wp\/v2\/product"}],"about":[{"href":"https:\/\/industriasegura.com\/tienda\/wp-json\/wp\/v2\/types\/product"}],"replies":[{"embeddable":true,"href":"https:\/\/industriasegura.com\/tienda\/wp-json\/wp\/v2\/comments?post=783"}],"wp:featuredmedia":[{"embeddable":true,"href":"https:\/\/industriasegura.com\/tienda\/wp-json\/wp\/v2\/media\/784"}],"wp:attachment":[{"href":"https:\/\/industriasegura.com\/tienda\/wp-json\/wp\/v2\/media?parent=783"}],"wp:term":[{"taxonomy":"product_brand","embeddable":true,"href":"https:\/\/industriasegura.com\/tienda\/wp-json\/wp\/v2\/product_brand?post=783"},{"taxonomy":"product_cat","embeddable":true,"href":"https:\/\/industriasegura.com\/tienda\/wp-json\/wp\/v2\/product_cat?post=783"},{"taxonomy":"product_tag","embeddable":true,"href":"https:\/\/industriasegura.com\/tienda\/wp-json\/wp\/v2\/product_tag?post=783"}],"curies":[{"name":"wp","href":"https:\/\/api.w.org\/{rel}","templated":true}]}}