{"id":933,"date":"2024-02-02T10:22:29","date_gmt":"2024-02-02T16:22:29","guid":{"rendered":"https:\/\/industriasegura.com\/tienda\/?post_type=product&#038;p=933"},"modified":"2024-11-01T16:38:31","modified_gmt":"2024-11-01T22:38:31","slug":"lente-de-policarbonato-espejeado","status":"publish","type":"product","link":"https:\/\/industriasegura.com\/tienda\/producto\/lente-de-policarbonato-espejeado\/","title":{"rendered":"Lente de policarbonato espejeado"},"content":{"rendered":"","protected":false},"excerpt":{"rendered":"<p>Lente de policarbonato, con tratamiento antiempa\u00f1o y patillas tipo esp\u00e1tula, puente nasal universal, dise\u00f1o ergon\u00f3mico, filtro UV, cuenta con tratamiento antirayaduras. Mica espejo, la cual permite que se eliminen reflejos y el deslumbramiento, los cuales se producen por actividades en el exterior, ideal para trabajos con mucha luminosidad, trabajos con nieve o agua.<\/p>\n","protected":false},"featured_media":934,"comment_status":"open","ping_status":"closed","template":"","meta":[],"product_brand":[],"product_cat":[6],"product_tag":[],"class_list":{"0":"post-933","1":"product","2":"type-product","3":"status-publish","4":"has-post-thumbnail","6":"product_cat-proteccion-cara","7":"clearfix","9":"first","10":"instock","11":"taxable","12":"shipping-taxable","13":"purchasable","14":"product-type-simple"},"aioseo_notices":[],"_links":{"self":[{"href":"https:\/\/industriasegura.com\/tienda\/wp-json\/wp\/v2\/product\/933","targetHints":{"allow":["GET"]}}],"collection":[{"href":"https:\/\/industriasegura.com\/tienda\/wp-json\/wp\/v2\/product"}],"about":[{"href":"https:\/\/industriasegura.com\/tienda\/wp-json\/wp\/v2\/types\/product"}],"replies":[{"embeddable":true,"href":"https:\/\/industriasegura.com\/tienda\/wp-json\/wp\/v2\/comments?post=933"}],"wp:featuredmedia":[{"embeddable":true,"href":"https:\/\/industriasegura.com\/tienda\/wp-json\/wp\/v2\/media\/934"}],"wp:attachment":[{"href":"https:\/\/industriasegura.com\/tienda\/wp-json\/wp\/v2\/media?parent=933"}],"wp:term":[{"taxonomy":"product_brand","embeddable":true,"href":"https:\/\/industriasegura.com\/tienda\/wp-json\/wp\/v2\/product_brand?post=933"},{"taxonomy":"product_cat","embeddable":true,"href":"https:\/\/industriasegura.com\/tienda\/wp-json\/wp\/v2\/product_cat?post=933"},{"taxonomy":"product_tag","embeddable":true,"href":"https:\/\/industriasegura.com\/tienda\/wp-json\/wp\/v2\/product_tag?post=933"}],"curies":[{"name":"wp","href":"https:\/\/api.w.org\/{rel}","templated":true}]}}