{"id":975,"date":"2024-02-02T11:51:59","date_gmt":"2024-02-02T17:51:59","guid":{"rendered":"https:\/\/industriasegura.com\/tienda\/?post_type=product&#038;p=975"},"modified":"2024-11-01T16:45:25","modified_gmt":"2024-11-01T22:45:25","slug":"al048-am","status":"publish","type":"product","link":"https:\/\/industriasegura.com\/tienda\/producto\/al048-am\/","title":{"rendered":"Lente de seguridad amarillo visitante"},"content":{"rendered":"","protected":false},"excerpt":{"rendered":"<p>Lente de policarbonato, con protecci\u00f3n de alto impacto, soporte nasal, tratamiento antirayaduras y filtro UV. Mica \u00e1mbar, la cual permite ampliar el espectro de luz, ideal para colocarse sobre los lentes de prescripci\u00f3n m\u00e9dica, cuenta con ventilaci\u00f3n indirecta para evitar sofocarse por el uso del doble lente.<\/p>\n","protected":false},"featured_media":976,"comment_status":"open","ping_status":"closed","template":"","meta":[],"product_brand":[],"product_cat":[6],"product_tag":[],"class_list":{"0":"post-975","1":"product","2":"type-product","3":"status-publish","4":"has-post-thumbnail","6":"product_cat-proteccion-cara","7":"clearfix","9":"first","10":"instock","11":"taxable","12":"shipping-taxable","13":"purchasable","14":"product-type-simple"},"aioseo_notices":[],"_links":{"self":[{"href":"https:\/\/industriasegura.com\/tienda\/wp-json\/wp\/v2\/product\/975","targetHints":{"allow":["GET"]}}],"collection":[{"href":"https:\/\/industriasegura.com\/tienda\/wp-json\/wp\/v2\/product"}],"about":[{"href":"https:\/\/industriasegura.com\/tienda\/wp-json\/wp\/v2\/types\/product"}],"replies":[{"embeddable":true,"href":"https:\/\/industriasegura.com\/tienda\/wp-json\/wp\/v2\/comments?post=975"}],"wp:featuredmedia":[{"embeddable":true,"href":"https:\/\/industriasegura.com\/tienda\/wp-json\/wp\/v2\/media\/976"}],"wp:attachment":[{"href":"https:\/\/industriasegura.com\/tienda\/wp-json\/wp\/v2\/media?parent=975"}],"wp:term":[{"taxonomy":"product_brand","embeddable":true,"href":"https:\/\/industriasegura.com\/tienda\/wp-json\/wp\/v2\/product_brand?post=975"},{"taxonomy":"product_cat","embeddable":true,"href":"https:\/\/industriasegura.com\/tienda\/wp-json\/wp\/v2\/product_cat?post=975"},{"taxonomy":"product_tag","embeddable":true,"href":"https:\/\/industriasegura.com\/tienda\/wp-json\/wp\/v2\/product_tag?post=975"}],"curies":[{"name":"wp","href":"https:\/\/api.w.org\/{rel}","templated":true}]}}