{"id":985,"date":"2024-02-02T12:10:01","date_gmt":"2024-02-02T18:10:01","guid":{"rendered":"https:\/\/industriasegura.com\/tienda\/?post_type=product&#038;p=985"},"modified":"2024-11-01T16:51:28","modified_gmt":"2024-11-01T22:51:28","slug":"lente-expo-mica-gris-armazon-tricolor","status":"publish","type":"product","link":"https:\/\/industriasegura.com\/tienda\/producto\/lente-expo-mica-gris-armazon-tricolor\/","title":{"rendered":"Lente EXPO mica gris armazon tricolor"},"content":{"rendered":"","protected":false},"excerpt":{"rendered":"<p>Lente de policarbonato y armaz\u00f3n tricolor, soporte nasal, filtro UV, tratamiento antirayaduras, sistema retractil. Mica gris, lo cual puede ser usado en procesos con riesgo de radiaciones (luz solar) cuenta con protecci\u00f3n lateral para ampliar la seguridad y confort del usuario, cuenta con soporte nasal y filtro UV, dise\u00f1ado con sistema retr\u00e1ctil de posicionamiento.<\/p>\n","protected":false},"featured_media":986,"comment_status":"open","ping_status":"closed","template":"","meta":[],"product_brand":[],"product_cat":[6],"product_tag":[],"class_list":{"0":"post-985","1":"product","2":"type-product","3":"status-publish","4":"has-post-thumbnail","6":"product_cat-proteccion-cara","7":"clearfix","9":"first","10":"instock","11":"taxable","12":"shipping-taxable","13":"purchasable","14":"product-type-simple"},"aioseo_notices":[],"_links":{"self":[{"href":"https:\/\/industriasegura.com\/tienda\/wp-json\/wp\/v2\/product\/985","targetHints":{"allow":["GET"]}}],"collection":[{"href":"https:\/\/industriasegura.com\/tienda\/wp-json\/wp\/v2\/product"}],"about":[{"href":"https:\/\/industriasegura.com\/tienda\/wp-json\/wp\/v2\/types\/product"}],"replies":[{"embeddable":true,"href":"https:\/\/industriasegura.com\/tienda\/wp-json\/wp\/v2\/comments?post=985"}],"wp:featuredmedia":[{"embeddable":true,"href":"https:\/\/industriasegura.com\/tienda\/wp-json\/wp\/v2\/media\/986"}],"wp:attachment":[{"href":"https:\/\/industriasegura.com\/tienda\/wp-json\/wp\/v2\/media?parent=985"}],"wp:term":[{"taxonomy":"product_brand","embeddable":true,"href":"https:\/\/industriasegura.com\/tienda\/wp-json\/wp\/v2\/product_brand?post=985"},{"taxonomy":"product_cat","embeddable":true,"href":"https:\/\/industriasegura.com\/tienda\/wp-json\/wp\/v2\/product_cat?post=985"},{"taxonomy":"product_tag","embeddable":true,"href":"https:\/\/industriasegura.com\/tienda\/wp-json\/wp\/v2\/product_tag?post=985"}],"curies":[{"name":"wp","href":"https:\/\/api.w.org\/{rel}","templated":true}]}}